{"id":2579,"date":"2024-02-19T12:39:57","date_gmt":"2024-02-19T11:39:57","guid":{"rendered":"https:\/\/www.domaine-lagrange.com\/declaration-de-confidentialite\/"},"modified":"2024-02-19T12:39:57","modified_gmt":"2024-02-19T11:39:57","slug":"declaration-de-confidentialite","status":"publish","type":"page","link":"https:\/\/www.domaine-lagrange.com\/fr\/declaration-de-confidentialite\/","title":{"rendered":"D\u00e9claration de confidentialit\u00e9"},"content":{"rendered":"\n<h2 class=\"wp-block-heading has-huge-font-size\">Qui sommes-nous ?<\/h2>\n\n<p>L&rsquo;adresse de notre site web est http:\/\/www.domaine-lagrange.com<\/p>\n\n<h2 class=\"wp-block-heading has-huge-font-size\">Commentaires<\/h2>\n\n<p>Lorsque les visiteurs \u00e9crivent des commentaires sur le site, nous collectons les donn\u00e9es affich\u00e9es dans le formulaire de commentaire, ainsi que l&rsquo;adresse IP du visiteur et la cha\u00eene de l&rsquo;agent utilisateur (ce qui permet d&rsquo;identifier le navigateur) afin d&rsquo;aider \u00e0 la d\u00e9tection des spams.<\/p>\n\n<p>Une cha\u00eene de caract\u00e8res anonymis\u00e9e (\u00e9galement appel\u00e9e hash) peut \u00eatre cr\u00e9\u00e9e \u00e0 partir de ton adresse e-mail et transmise au service Gravatar afin de v\u00e9rifier si tu l&rsquo;utilises. Tu trouveras la d\u00e9claration de protection des donn\u00e9es du service Gravatar ici : https:\/\/automattic.com\/privacy\/. Une fois que ton commentaire a \u00e9t\u00e9 valid\u00e9, ta photo de profil est visible publiquement dans le contexte de ton commentaire.<\/p>\n\n<h2 class=\"wp-block-heading has-huge-font-size\">M\u00e9dias<\/h2>\n\n<p>Si tu es un utilisateur enregistr\u00e9 et que tu t\u00e9l\u00e9charges des photos sur ce site, tu dois \u00e9viter de t\u00e9l\u00e9charger des photos avec une localisation EXIF-GPS. Les visiteurs de ce site pourraient t\u00e9l\u00e9charger des photos stock\u00e9es sur ce site et en extraire les informations de localisation.<\/p>\n\n<h2 class=\"wp-block-heading has-huge-font-size\">Cookies<\/h2>\n\n<p>Si tu \u00e9cris un commentaire sur notre site web, cela peut signifier que tu acceptes que ton nom, ton adresse e-mail et ton site web soient enregistr\u00e9s dans des cookies. Il s&rsquo;agit d&rsquo;une fonction de confort qui t&rsquo;\u00e9vite de devoir saisir \u00e0 nouveau toutes ces donn\u00e9es lorsque tu \u00e9cris un autre commentaire. Ces cookies sont conserv\u00e9s pendant un an.<\/p>\n\n<p>Si tu as un compte et que tu te connectes sur ce site, nous placerons un cookie temporaire pour d\u00e9terminer si ton navigateur accepte les cookies. Ce cookie ne contient aucune donn\u00e9e personnelle et est d\u00e9truit lorsque tu fermes ton navigateur.<\/p>\n\n<p>Lorsque tu t&rsquo;inscris, nous mettons en place certains cookies afin de m\u00e9moriser tes informations de connexion et tes options d&rsquo;affichage. Les cookies de connexion expirent apr\u00e8s deux jours et les cookies des options d&rsquo;affichage apr\u00e8s un an. Si tu s\u00e9lectionnes \u00ab\u00a0Rester connect\u00e9\u00a0\u00bb lors de ton inscription, ton inscription sera maintenue pendant deux semaines. Lorsque tu te d\u00e9connectes de ton compte, les cookies de connexion sont supprim\u00e9s.<\/p>\n\n<p>Lorsque tu \u00e9dites ou publies un article, un cookie suppl\u00e9mentaire est enregistr\u00e9 dans ton navigateur. Ce cookie ne contient pas de donn\u00e9es personnelles et ne fait r\u00e9f\u00e9rence qu&rsquo;\u00e0 l&rsquo;ID de l&rsquo;article que tu viens d&rsquo;\u00e9diter. Le cookie expire au bout d&rsquo;un jour.<\/p>\n\n<h2 class=\"wp-block-heading has-huge-font-size\">Contenu int\u00e9gr\u00e9 provenant d&rsquo;autres sites web<\/h2>\n\n<p>Les contributions sur ce site web peuvent contenir des contenus int\u00e9gr\u00e9s (par ex. vid\u00e9os, images, contributions, etc.). Les contenus int\u00e9gr\u00e9s provenant d&rsquo;autres sites web se comportent exactement comme si le visiteur avait visit\u00e9 l&rsquo;autre site web.<\/p>\n\n<p>Ces sites peuvent collecter des donn\u00e9es te concernant, utiliser des cookies, int\u00e9grer des services de suivi suppl\u00e9mentaires de tiers et enregistrer ton interaction avec ce contenu int\u00e9gr\u00e9, y compris ton interaction avec le contenu int\u00e9gr\u00e9, si tu as un compte et que tu es connect\u00e9 \u00e0 ce site.<\/p>\n\n<h2 class=\"wp-block-heading has-huge-font-size\">Avec qui nous partageons tes donn\u00e9es<\/h2>\n\n<p>Si tu demandes une r\u00e9initialisation de ton mot de passe, ton adresse IP sera incluse dans l&rsquo;e-mail de r\u00e9initialisation.<\/p>\n\n<h2 class=\"wp-block-heading has-huge-font-size\">Combien de temps nous conservons tes donn\u00e9es<\/h2>\n\n<p>Lorsque tu \u00e9cris un commentaire, celui-ci et ses m\u00e9tadonn\u00e9es sont enregistr\u00e9s pour une dur\u00e9e illimit\u00e9e. De cette mani\u00e8re, nous pouvons reconna\u00eetre et valider automatiquement les commentaires de suivi au lieu de les garder dans une file d&rsquo;attente de mod\u00e9ration.<\/p>\n\n<p>Pour les utilisateurs qui s&rsquo;inscrivent sur notre site, nous enregistrons \u00e9galement les informations personnelles qu&rsquo;ils fournissent dans leur profil d&rsquo;utilisateur. Tous les utilisateurs peuvent \u00e0 tout moment consulter, modifier ou supprimer leurs informations personnelles (le nom d&rsquo;utilisateur ne peut pas \u00eatre modifi\u00e9). Les administrateurs du site peuvent \u00e9galement consulter et modifier ces informations.<\/p>\n\n<h2 class=\"wp-block-heading has-huge-font-size\">Quels sont tes droits sur tes donn\u00e9es ?<\/h2>\n\n<p>Si tu as un compte sur ce site ou si tu as \u00e9crit des commentaires, tu peux nous demander d&rsquo;exporter tes donn\u00e9es personnelles, y compris toutes les donn\u00e9es que tu nous as fournies. En outre, tu peux demander la suppression de toutes les donn\u00e9es personnelles que nous d\u00e9tenons \u00e0 ton sujet. Cela ne comprend pas les donn\u00e9es que nous devons conserver en raison de n\u00e9cessit\u00e9s administratives, juridiques ou de s\u00e9curit\u00e9.<\/p>\n\n<h2 class=\"wp-block-heading has-huge-font-size\">O\u00f9 nous envoyons tes informations<\/h2>\n\n<p>Les commentaires des visiteurs pourraient \u00eatre examin\u00e9s par un service automatis\u00e9 de d\u00e9tection des spams.<\/p>\n","protected":false},"excerpt":{"rendered":"<p>Qui sommes-nous ? L&rsquo;adresse de notre site web est http:\/\/www.domaine-lagrange.com Commentaires Lorsque les visiteurs \u00e9crivent des commentaires sur le site, nous collectons les donn\u00e9es affich\u00e9es dans le formulaire de commentaire, ainsi que l&rsquo;adresse IP du visiteur et la cha\u00eene de l&rsquo;agent utilisateur (ce qui permet d&rsquo;identifier le navigateur) afin d&rsquo;aider \u00e0 la d\u00e9tection des spams. [&hellip;]<\/p>\n","protected":false},"author":1,"featured_media":0,"parent":0,"menu_order":48,"comment_status":"closed","ping_status":"closed","template":"","meta":{"_acf_changed":false,"footnotes":""},"class_list":["post-2579","page","type-page","status-publish","hentry"],"acf":[],"yoast_head":"<!-- This site is optimized with the Yoast SEO plugin v27.5 - https:\/\/yoast.com\/product\/yoast-seo-wordpress\/ -->\n<title>D\u00e9claration de confidentialit\u00e9 &#8211; Domaine La Grange<\/title>\n<meta name=\"robots\" content=\"index, follow, max-snippet:-1, max-image-preview:large, max-video-preview:-1\" \/>\n<link rel=\"canonical\" href=\"https:\/\/www.domaine-lagrange.com\/fr\/declaration-de-confidentialite\/\" \/>\n<meta property=\"og:locale\" content=\"fr_FR\" \/>\n<meta property=\"og:type\" content=\"article\" \/>\n<meta property=\"og:title\" content=\"D\u00e9claration de confidentialit\u00e9 &#8211; Domaine La Grange\" \/>\n<meta property=\"og:description\" content=\"Qui sommes-nous ? L&rsquo;adresse de notre site web est http:\/\/www.domaine-lagrange.com Commentaires Lorsque les visiteurs \u00e9crivent des commentaires sur le site, nous collectons les donn\u00e9es affich\u00e9es dans le formulaire de commentaire, ainsi que l&rsquo;adresse IP du visiteur et la cha\u00eene de l&rsquo;agent utilisateur (ce qui permet d&rsquo;identifier le navigateur) afin d&rsquo;aider \u00e0 la d\u00e9tection des spams. [&hellip;]\" \/>\n<meta property=\"og:url\" content=\"https:\/\/www.domaine-lagrange.com\/fr\/declaration-de-confidentialite\/\" \/>\n<meta property=\"og:site_name\" content=\"Domaine La Grange\" \/>\n<meta name=\"twitter:card\" content=\"summary_large_image\" \/>\n<meta name=\"twitter:label1\" content=\"Dur\u00e9e de lecture estim\u00e9e\" \/>\n\t<meta name=\"twitter:data1\" content=\"4 minutes\" \/>\n<script type=\"application\/ld+json\" class=\"yoast-schema-graph\">{\"@context\":\"https:\\\/\\\/schema.org\",\"@graph\":[{\"@type\":\"WebPage\",\"@id\":\"https:\\\/\\\/www.domaine-lagrange.com\\\/fr\\\/declaration-de-confidentialite\\\/\",\"url\":\"https:\\\/\\\/www.domaine-lagrange.com\\\/fr\\\/declaration-de-confidentialite\\\/\",\"name\":\"D\u00e9claration de confidentialit\u00e9 &#8211; Domaine La Grange\",\"isPartOf\":{\"@id\":\"https:\\\/\\\/www.domaine-lagrange.com\\\/fr\\\/#website\"},\"datePublished\":\"2024-02-19T11:39:57+00:00\",\"breadcrumb\":{\"@id\":\"https:\\\/\\\/www.domaine-lagrange.com\\\/fr\\\/declaration-de-confidentialite\\\/#breadcrumb\"},\"inLanguage\":\"fr-FR\",\"potentialAction\":[{\"@type\":\"ReadAction\",\"target\":[\"https:\\\/\\\/www.domaine-lagrange.com\\\/fr\\\/declaration-de-confidentialite\\\/\"]}]},{\"@type\":\"BreadcrumbList\",\"@id\":\"https:\\\/\\\/www.domaine-lagrange.com\\\/fr\\\/declaration-de-confidentialite\\\/#breadcrumb\",\"itemListElement\":[{\"@type\":\"ListItem\",\"position\":1,\"name\":\"Startseite\",\"item\":\"https:\\\/\\\/www.domaine-lagrange.com\\\/fr\\\/\"},{\"@type\":\"ListItem\",\"position\":2,\"name\":\"D\u00e9claration de confidentialit\u00e9\"}]},{\"@type\":\"WebSite\",\"@id\":\"https:\\\/\\\/www.domaine-lagrange.com\\\/fr\\\/#website\",\"url\":\"https:\\\/\\\/www.domaine-lagrange.com\\\/fr\\\/\",\"name\":\"Domaine La Grange\",\"description\":\"Dem Paradies so nah\",\"publisher\":{\"@id\":\"https:\\\/\\\/www.domaine-lagrange.com\\\/fr\\\/#organization\"},\"potentialAction\":[{\"@type\":\"SearchAction\",\"target\":{\"@type\":\"EntryPoint\",\"urlTemplate\":\"https:\\\/\\\/www.domaine-lagrange.com\\\/fr\\\/?s={search_term_string}\"},\"query-input\":{\"@type\":\"PropertyValueSpecification\",\"valueRequired\":true,\"valueName\":\"search_term_string\"}}],\"inLanguage\":\"fr-FR\"},{\"@type\":\"Organization\",\"@id\":\"https:\\\/\\\/www.domaine-lagrange.com\\\/fr\\\/#organization\",\"name\":\"Domaine La Grange\",\"url\":\"https:\\\/\\\/www.domaine-lagrange.com\\\/fr\\\/\",\"logo\":{\"@type\":\"ImageObject\",\"inLanguage\":\"fr-FR\",\"@id\":\"https:\\\/\\\/www.domaine-lagrange.com\\\/fr\\\/#\\\/schema\\\/logo\\\/image\\\/\",\"url\":\"https:\\\/\\\/www.domaine-lagrange.com\\\/wp-content\\\/uploads\\\/Logo_LaGrange.svg\",\"contentUrl\":\"https:\\\/\\\/www.domaine-lagrange.com\\\/wp-content\\\/uploads\\\/Logo_LaGrange.svg\",\"width\":1,\"height\":1,\"caption\":\"Domaine La Grange\"},\"image\":{\"@id\":\"https:\\\/\\\/www.domaine-lagrange.com\\\/fr\\\/#\\\/schema\\\/logo\\\/image\\\/\"}}]}<\/script>\n<!-- \/ Yoast SEO plugin. -->","yoast_head_json":{"title":"D\u00e9claration de confidentialit\u00e9 &#8211; Domaine La Grange","robots":{"index":"index","follow":"follow","max-snippet":"max-snippet:-1","max-image-preview":"max-image-preview:large","max-video-preview":"max-video-preview:-1"},"canonical":"https:\/\/www.domaine-lagrange.com\/fr\/declaration-de-confidentialite\/","og_locale":"fr_FR","og_type":"article","og_title":"D\u00e9claration de confidentialit\u00e9 &#8211; Domaine La Grange","og_description":"Qui sommes-nous ? L&rsquo;adresse de notre site web est http:\/\/www.domaine-lagrange.com Commentaires Lorsque les visiteurs \u00e9crivent des commentaires sur le site, nous collectons les donn\u00e9es affich\u00e9es dans le formulaire de commentaire, ainsi que l&rsquo;adresse IP du visiteur et la cha\u00eene de l&rsquo;agent utilisateur (ce qui permet d&rsquo;identifier le navigateur) afin d&rsquo;aider \u00e0 la d\u00e9tection des spams. [&hellip;]","og_url":"https:\/\/www.domaine-lagrange.com\/fr\/declaration-de-confidentialite\/","og_site_name":"Domaine La Grange","twitter_card":"summary_large_image","twitter_misc":{"Dur\u00e9e de lecture estim\u00e9e":"4 minutes"},"schema":{"@context":"https:\/\/schema.org","@graph":[{"@type":"WebPage","@id":"https:\/\/www.domaine-lagrange.com\/fr\/declaration-de-confidentialite\/","url":"https:\/\/www.domaine-lagrange.com\/fr\/declaration-de-confidentialite\/","name":"D\u00e9claration de confidentialit\u00e9 &#8211; Domaine La Grange","isPartOf":{"@id":"https:\/\/www.domaine-lagrange.com\/fr\/#website"},"datePublished":"2024-02-19T11:39:57+00:00","breadcrumb":{"@id":"https:\/\/www.domaine-lagrange.com\/fr\/declaration-de-confidentialite\/#breadcrumb"},"inLanguage":"fr-FR","potentialAction":[{"@type":"ReadAction","target":["https:\/\/www.domaine-lagrange.com\/fr\/declaration-de-confidentialite\/"]}]},{"@type":"BreadcrumbList","@id":"https:\/\/www.domaine-lagrange.com\/fr\/declaration-de-confidentialite\/#breadcrumb","itemListElement":[{"@type":"ListItem","position":1,"name":"Startseite","item":"https:\/\/www.domaine-lagrange.com\/fr\/"},{"@type":"ListItem","position":2,"name":"D\u00e9claration de confidentialit\u00e9"}]},{"@type":"WebSite","@id":"https:\/\/www.domaine-lagrange.com\/fr\/#website","url":"https:\/\/www.domaine-lagrange.com\/fr\/","name":"Domaine La Grange","description":"Dem Paradies so nah","publisher":{"@id":"https:\/\/www.domaine-lagrange.com\/fr\/#organization"},"potentialAction":[{"@type":"SearchAction","target":{"@type":"EntryPoint","urlTemplate":"https:\/\/www.domaine-lagrange.com\/fr\/?s={search_term_string}"},"query-input":{"@type":"PropertyValueSpecification","valueRequired":true,"valueName":"search_term_string"}}],"inLanguage":"fr-FR"},{"@type":"Organization","@id":"https:\/\/www.domaine-lagrange.com\/fr\/#organization","name":"Domaine La Grange","url":"https:\/\/www.domaine-lagrange.com\/fr\/","logo":{"@type":"ImageObject","inLanguage":"fr-FR","@id":"https:\/\/www.domaine-lagrange.com\/fr\/#\/schema\/logo\/image\/","url":"https:\/\/www.domaine-lagrange.com\/wp-content\/uploads\/Logo_LaGrange.svg","contentUrl":"https:\/\/www.domaine-lagrange.com\/wp-content\/uploads\/Logo_LaGrange.svg","width":1,"height":1,"caption":"Domaine La Grange"},"image":{"@id":"https:\/\/www.domaine-lagrange.com\/fr\/#\/schema\/logo\/image\/"}}]}},"_links":{"self":[{"href":"https:\/\/www.domaine-lagrange.com\/fr\/wp-json\/wp\/v2\/pages\/2579","targetHints":{"allow":["GET"]}}],"collection":[{"href":"https:\/\/www.domaine-lagrange.com\/fr\/wp-json\/wp\/v2\/pages"}],"about":[{"href":"https:\/\/www.domaine-lagrange.com\/fr\/wp-json\/wp\/v2\/types\/page"}],"author":[{"embeddable":true,"href":"https:\/\/www.domaine-lagrange.com\/fr\/wp-json\/wp\/v2\/users\/1"}],"replies":[{"embeddable":true,"href":"https:\/\/www.domaine-lagrange.com\/fr\/wp-json\/wp\/v2\/comments?post=2579"}],"version-history":[{"count":0,"href":"https:\/\/www.domaine-lagrange.com\/fr\/wp-json\/wp\/v2\/pages\/2579\/revisions"}],"wp:attachment":[{"href":"https:\/\/www.domaine-lagrange.com\/fr\/wp-json\/wp\/v2\/media?parent=2579"}],"curies":[{"name":"wp","href":"https:\/\/api.w.org\/{rel}","templated":true}]}}