{"id":2555,"date":"2024-02-07T12:51:23","date_gmt":"2024-02-07T11:51:23","guid":{"rendered":"https:\/\/www.domaine-lagrange.com\/classique\/"},"modified":"2024-02-07T12:51:23","modified_gmt":"2024-02-07T11:51:23","slug":"classique","status":"publish","type":"page","link":"https:\/\/www.domaine-lagrange.com\/fr\/produits\/classique\/","title":{"rendered":"Classique"},"content":{"rendered":"\n<section id=\"Blanc\" class=\" has-lightaprico-background-color p-t-7 p-b-7 \" >\n\t\n\t<div class=\"container\">\n\t\n        \n\n<div id=\"product-block_ed4ba221f732e6ff9fba2199c5e7a0a3\" class=\"block block-product\">\n\t\n\t<div class=\"block grid grid--col-2 grid-sm--col-1\">\n\t\t\n\t\t<div class=\"block height-100 height-sm-auto height-xs-auto p-t-4 grid-sm__item--order-2 grid-xs__item--order-2\">\n\t\t\n\t\t\t\n\t\t\t\t\t\t\t<h2>CLASSIQUE BLANC<br \/>\r\nIGP PAYS D\u2019OC<\/h2>\n\t\t\t\t\t\n\t\t\t\t\t\t\t<div class=\"text-size-m\">\n\t\t\t\t\t<p>Un  vin d&rsquo;\u00e9t\u00e9 id\u00e9al, facile \u00e0 boire, fruit\u00e9 et frais.  Il est excellent avec les asperges et le poisson. Les fruits frais du sauvignon, kiwi et groseilles, se marient \u00e9l\u00e9gamment avec les notes de pomme et de p\u00eache du chardonnay. Le vin parfait pour tous les jours !<\/p>\n\t\t\t\t<\/div>\n\t\t\t\t\t\t\n\t\t\t\n\t\t\t<div class=\"product-collapse\">\n\t\t\t\n\t\t\t\t\n\t\t\t\t\t\t\t\t\n\t\t\t\t\t<ul class=\"product-list\">\n\t\t\t\t\t\t\n\t\t\t\t\t\t\t\t\t\t\t\t\t\t\t\t\t\t\n\t\t\t\t\t\t\t<li>\n\t\t\t\t\t\t\t\t<div>C\u00e9page<\/div> \n\t\t\t\t\t\t\t<\/li>\n\t\t\t\t\t\t\t\n\t\t\t\t\t\t\t<li>\n\t\t\t\t\t\t\t\t<div style=\"line-height:1.6;\">Chardonnay, Sauvignon Blanc <\/div> \n\t\t\t\t\t\t\t<\/li>\n\t\t\t\t\t\t\t\n\t\t\t\t\t\t\t\t\n\t\t\t\t\t\t\t\t\t\t\t\t\t\t\t\t\t\t\n\t\t\t\t\t\t\t<li>\n\t\t\t\t\t\t\t\t<div>Couleur<\/div> \n\t\t\t\t\t\t\t<\/li>\n\t\t\t\t\t\t\t\n\t\t\t\t\t\t\t<li>\n\t\t\t\t\t\t\t\t<div style=\"line-height:1.6;\">jaune paille clair<\/div> \n\t\t\t\t\t\t\t<\/li>\n\t\t\t\t\t\t\t\n\t\t\t\t\t\t\t\t\n\t\t\t\t\t\t\t\t\t\t\t\t\t\t\t\t\t\t\n\t\t\t\t\t\t\t<li>\n\t\t\t\t\t\t\t\t<div>Unit\u00e9 de livraison<\/div> \n\t\t\t\t\t\t\t<\/li>\n\t\t\t\t\t\t\t\n\t\t\t\t\t\t\t<li>\n\t\t\t\t\t\t\t\t<div style=\"line-height:1.6;\">6 bouteilles de 0,75 litre<\/div> \n\t\t\t\t\t\t\t<\/li>\n\t\t\t\t\t\t\t\n\t\t\t\t\t\t\t\t\n\t\t\t\t\t\t\t\t\t\t\t\t\t\t\t\t\t\t\n\t\t\t\t\t\t\t<li>\n\t\t\t\t\t\t\t\t<div>Dur\u00e9e de conservation<\/div> \n\t\t\t\t\t\t\t<\/li>\n\t\t\t\t\t\t\t\n\t\t\t\t\t\t\t<li>\n\t\t\t\t\t\t\t\t<div style=\"line-height:1.6;\">2 ans<\/div> \n\t\t\t\t\t\t\t<\/li>\n\t\t\t\t\t\t\t\n\t\t\t\t\t\t\t\t\n\t\t\t\t\t\t\t\t\t\t\t\t\t\t\t\t\t\t\n\t\t\t\t\t\t\t<li>\n\t\t\t\t\t\t\t\t<div>Teneur en alcool<\/div> \n\t\t\t\t\t\t\t<\/li>\n\t\t\t\t\t\t\t\n\t\t\t\t\t\t\t<li>\n\t\t\t\t\t\t\t\t<div style=\"line-height:1.6;\">12,5 %vol.<\/div> \n\t\t\t\t\t\t\t<\/li>\n\t\t\t\t\t\t\t\n\t\t\t\t\t\t\t\t\n\t\t\t\t\t\t\t\t\t\t\t\t\t\t\t\t\t\t\n\t\t\t\t\t\t\t<li>\n\t\t\t\t\t\t\t\t<div>Sucre r\u00e9siduel<\/div> \n\t\t\t\t\t\t\t<\/li>\n\t\t\t\t\t\t\t\n\t\t\t\t\t\t\t<li>\n\t\t\t\t\t\t\t\t<div style=\"line-height:1.6;\">7,0 g\/l<\/div> \n\t\t\t\t\t\t\t<\/li>\n\t\t\t\t\t\t\t\n\t\t\t\t\t\t\t\t\n\t\t\t\t\t\t\t\t\t\t\t\t\t\t\t\t\t\t\n\t\t\t\t\t\t\t<li>\n\t\t\t\t\t\t\t\t<div>Conditionnement<\/div> \n\t\t\t\t\t\t\t<\/li>\n\t\t\t\t\t\t\t\n\t\t\t\t\t\t\t<li>\n\t\t\t\t\t\t\t\t<div style=\"line-height:1.6;\">0,75 l, 1,0 l<\/div> \n\t\t\t\t\t\t\t<\/li>\n\t\t\t\t\t\t\t\n\t\t\t\t\t\t\t\t\n\t\t\t\t\t\t\t\t\t\t\t\t\n\t\t\t\t\t<\/ul>\n\t\t\t\t\n\t\t\t\t\t\n\t\t\t\t\n\t\t\t\t\n\t\t\t\t\t\t\t\t\n\t\t\t\t\t\t\t\t\n\t\t\t\t\t\t\t\t\n\t\t\t\t\n\t\t\t<\/div>\n\t\t\t\t\t\t\n\t\t\t\n\t\t<\/div>\n\t\t\n\t\t\t\t\t\n\t\t<div class=\"block height-100 height-sm-auto height-xs-auto grid-sm__item--order-1 grid-xs__item--order-1 flex flex--center\">\n\t\n\t\t\t\t\t\t\t<picture>\n\t\t\t\t\n\t\t\t\t\t<!-- image -->\n\t\t\t\t\t<source media=\"(min-width: 1800px)\" srcset=\"https:\/\/www.domaine-lagrange.com\/wp-content\/uploads\/4055090_1.png\">\n\t\t\t\t\t<source media=\"(min-width: 1200px)\" srcset=\"https:\/\/www.domaine-lagrange.com\/wp-content\/uploads\/4055090_1.png\">\n\t\t\t\t\t<source media=\"(min-width: 900px)\" srcset=\"https:\/\/www.domaine-lagrange.com\/wp-content\/uploads\/4055090_1.png\">\n\t\t\t\t\t<source media=\"(min-width: 600px)\" srcset=\"https:\/\/www.domaine-lagrange.com\/wp-content\/uploads\/4055090_1.png\">\n\t\t\t\t\t<img decoding=\"async\" src=\"https:\/\/www.domaine-lagrange.com\/wp-content\/uploads\/4055090_1.png\" alt=\"\" loading=\"lazy\" width=\"400\" height=\"400\">\n\t\t\t\n\t\t\t\t<\/picture>\n\t\t\t\t\t\n\t\t<\/div>\n\t\n\t<\/div>\n\t\n\t\n<\/div>\n\n\t\t\n\t<\/div>\n\t\n<\/section>\n<section id=\"ROS\u00c9\" class=\" has-aprico-background-color p-t-7 p-b-7 \" >\n\t\n\t<div class=\"container\">\n\t\n        \n\n<div id=\"product-block_a5dfe7dae2ba99a9a298b70f6bc963e6\" class=\"block block-product\">\n\t\n\t<div class=\"block grid grid--col-2 grid-sm--col-1\">\n\t\t\n\t\t<div class=\"block height-100 height-sm-auto height-xs-auto p-t-4 grid-sm__item--order-2 grid-xs__item--order-2\">\n\t\t\n\t\t\t\n\t\t\t\t\t\t\t<h2>CLASSIQUE ROS\u00c9 <br \/>\r\nIGP PAYS D\u2019OC<\/h2>\n\t\t\t\t\t\n\t\t\t\t\t\t\t<div class=\"text-size-m\">\n\t\t\t\t\t<p>Le ros\u00e9 est toujours appr\u00e9ci\u00e9, il met tout simplement de bonne humeur. Un ros\u00e9 d\u00e9licat avec des ar\u00f4mes de fraises des bois , des notes de pomme Gala et epices discretes qui animent l\u2019attaque  en bouche.  La finale est fondante, gourmande et  rafra\u00eechissante !<\/p>\n\t\t\t\t<\/div>\n\t\t\t\t\t\t\n\t\t\t\n\t\t\t<div class=\"product-collapse\">\n\t\t\t\n\t\t\t\t\n\t\t\t\t\t\t\t\t\n\t\t\t\t\t<ul class=\"product-list\">\n\t\t\t\t\t\t\n\t\t\t\t\t\t\t\t\t\t\t\t\t\t\t\t\t\t\n\t\t\t\t\t\t\t<li>\n\t\t\t\t\t\t\t\t<div>C\u00e9page<\/div> \n\t\t\t\t\t\t\t<\/li>\n\t\t\t\t\t\t\t\n\t\t\t\t\t\t\t<li>\n\t\t\t\t\t\t\t\t<div style=\"line-height:1.6;\">Cinsault, Syrah<\/div> \n\t\t\t\t\t\t\t<\/li>\n\t\t\t\t\t\t\t\n\t\t\t\t\t\t\t\t\n\t\t\t\t\t\t\t\t\t\t\t\t\t\t\t\t\t\t\n\t\t\t\t\t\t\t<li>\n\t\t\t\t\t\t\t\t<div>Couleur<\/div> \n\t\t\t\t\t\t\t<\/li>\n\t\t\t\t\t\t\t\n\t\t\t\t\t\t\t<li>\n\t\t\t\t\t\t\t\t<div style=\"line-height:1.6;\">Ton de jus de cerise <\/div> \n\t\t\t\t\t\t\t<\/li>\n\t\t\t\t\t\t\t\n\t\t\t\t\t\t\t\t\n\t\t\t\t\t\t\t\t\t\t\t\t\t\t\t\t\t\t\n\t\t\t\t\t\t\t<li>\n\t\t\t\t\t\t\t\t<div>Unit\u00e9 de livraison<\/div> \n\t\t\t\t\t\t\t<\/li>\n\t\t\t\t\t\t\t\n\t\t\t\t\t\t\t<li>\n\t\t\t\t\t\t\t\t<div style=\"line-height:1.6;\">6 bouteilles de 0,75 litre<\/div> \n\t\t\t\t\t\t\t<\/li>\n\t\t\t\t\t\t\t\n\t\t\t\t\t\t\t\t\n\t\t\t\t\t\t\t\t\t\t\t\t\t\t\t\t\t\t\n\t\t\t\t\t\t\t<li>\n\t\t\t\t\t\t\t\t<div>Dur\u00e9e de conservation<\/div> \n\t\t\t\t\t\t\t<\/li>\n\t\t\t\t\t\t\t\n\t\t\t\t\t\t\t<li>\n\t\t\t\t\t\t\t\t<div style=\"line-height:1.6;\">2 ans<\/div> \n\t\t\t\t\t\t\t<\/li>\n\t\t\t\t\t\t\t\n\t\t\t\t\t\t\t\t\n\t\t\t\t\t\t\t\t\t\t\t\t\t\t\t\t\t\t\n\t\t\t\t\t\t\t<li>\n\t\t\t\t\t\t\t\t<div>Teneur en alcool<\/div> \n\t\t\t\t\t\t\t<\/li>\n\t\t\t\t\t\t\t\n\t\t\t\t\t\t\t<li>\n\t\t\t\t\t\t\t\t<div style=\"line-height:1.6;\">12,5%<\/div> \n\t\t\t\t\t\t\t<\/li>\n\t\t\t\t\t\t\t\n\t\t\t\t\t\t\t\t\n\t\t\t\t\t\t\t\t\t\t\t\t\t\t\t\t\t\t\n\t\t\t\t\t\t\t<li>\n\t\t\t\t\t\t\t\t<div>Sucre r\u00e9siduel<\/div> \n\t\t\t\t\t\t\t<\/li>\n\t\t\t\t\t\t\t\n\t\t\t\t\t\t\t<li>\n\t\t\t\t\t\t\t\t<div style=\"line-height:1.6;\">ca. 6,0 g\/l<\/div> \n\t\t\t\t\t\t\t<\/li>\n\t\t\t\t\t\t\t\n\t\t\t\t\t\t\t\t\n\t\t\t\t\t\t\t\t\t\t\t\t\t\t\t\t\t\t\n\t\t\t\t\t\t\t<li>\n\t\t\t\t\t\t\t\t<div>Conditionnement<\/div> \n\t\t\t\t\t\t\t<\/li>\n\t\t\t\t\t\t\t\n\t\t\t\t\t\t\t<li>\n\t\t\t\t\t\t\t\t<div style=\"line-height:1.6;\">0,75 l<\/div> \n\t\t\t\t\t\t\t<\/li>\n\t\t\t\t\t\t\t\n\t\t\t\t\t\t\t\t\n\t\t\t\t\t\t\t\t\t\t\t\t\n\t\t\t\t\t<\/ul>\n\t\t\t\t\n\t\t\t\t\t\n\t\t\t\t\n\t\t\t\t\n\t\t\t\t\t\t\t\t\n\t\t\t\t\t\t\t\t\n\t\t\t\t\t\t\t\t\n\t\t\t\t\n\t\t\t<\/div>\n\t\t\t\t\t\t\n\t\t\t\n\t\t<\/div>\n\t\t\n\t\t\t\t\t\n\t\t<div class=\"block height-100 height-sm-auto height-xs-auto grid-sm__item--order-1 grid-xs__item--order-1 flex flex--center\">\n\t\n\t\t\t\t\t\t\t<picture>\n\t\t\t\t\n\t\t\t\t\t<!-- image -->\n\t\t\t\t\t<source media=\"(min-width: 1800px)\" srcset=\"https:\/\/www.domaine-lagrange.com\/wp-content\/uploads\/4055030_1.png\">\n\t\t\t\t\t<source media=\"(min-width: 1200px)\" srcset=\"https:\/\/www.domaine-lagrange.com\/wp-content\/uploads\/4055030_1.png\">\n\t\t\t\t\t<source media=\"(min-width: 900px)\" srcset=\"https:\/\/www.domaine-lagrange.com\/wp-content\/uploads\/4055030_1.png\">\n\t\t\t\t\t<source media=\"(min-width: 600px)\" srcset=\"https:\/\/www.domaine-lagrange.com\/wp-content\/uploads\/4055030_1.png\">\n\t\t\t\t\t<img decoding=\"async\" src=\"https:\/\/www.domaine-lagrange.com\/wp-content\/uploads\/4055030_1.png\" alt=\"\" loading=\"lazy\" width=\"400\" height=\"400\">\n\t\t\t\n\t\t\t\t<\/picture>\n\t\t\t\t\t\n\t\t<\/div>\n\t\n\t<\/div>\n\t\n\t\n<\/div>\n\n\t\t\n\t<\/div>\n\t\n<\/section>\n<section id=\"ROUGE\" class=\" has-lightaprico-background-color p-t-7 p-b-7 \" >\n\t\n\t<div class=\"container\">\n\t\n        \n\n<div id=\"product-block_279ddeaf6164a9a59fea579cafbee95e\" class=\"block block-product\">\n\t\n\t<div class=\"block grid grid--col-2 grid-sm--col-1\">\n\t\t\n\t\t<div class=\"block height-100 height-sm-auto height-xs-auto p-t-4 grid-sm__item--order-2 grid-xs__item--order-2\">\n\t\t\n\t\t\t\n\t\t\t\t\t\t\t<h2>CLASSIQUE ROUGE <br \/>\r\nIGP PAYS D\u2019OC<\/h2>\n\t\t\t\t\t\n\t\t\t\t\t\t\t<div class=\"text-size-m\">\n\t\t\t\t\t<p>Convainc par son fruit\u00e9 gouleyant. Jeune, juteux et fruit\u00e9 avec des ar\u00f4mes de groseille rouge et de griotte avec une fine nuance de menthe. Tr\u00e8s plaisant, accessible et facile \u00e0 boire &#8211; le vin rouge pour tous les jours.<\/p>\n\t\t\t\t<\/div>\n\t\t\t\t\t\t\n\t\t\t\n\t\t\t<div class=\"product-collapse\">\n\t\t\t\n\t\t\t\t\n\t\t\t\t\t\t\t\t\n\t\t\t\t\t<ul class=\"product-list\">\n\t\t\t\t\t\t\n\t\t\t\t\t\t\t\t\t\t\t\t\t\t\t\t\t\t\n\t\t\t\t\t\t\t<li>\n\t\t\t\t\t\t\t\t<div>C\u00e9page<\/div> \n\t\t\t\t\t\t\t<\/li>\n\t\t\t\t\t\t\t\n\t\t\t\t\t\t\t<li>\n\t\t\t\t\t\t\t\t<div style=\"line-height:1.6;\">Carignan, Syrah<\/div> \n\t\t\t\t\t\t\t<\/li>\n\t\t\t\t\t\t\t\n\t\t\t\t\t\t\t\t\n\t\t\t\t\t\t\t\t\t\t\t\t\t\t\t\t\t\t\n\t\t\t\t\t\t\t<li>\n\t\t\t\t\t\t\t\t<div>Couleur<\/div> \n\t\t\t\t\t\t\t<\/li>\n\t\t\t\t\t\t\t\n\t\t\t\t\t\t\t<li>\n\t\t\t\t\t\t\t\t<div style=\"line-height:1.6;\">rouge grenat fonc\u00e9<\/div> \n\t\t\t\t\t\t\t<\/li>\n\t\t\t\t\t\t\t\n\t\t\t\t\t\t\t\t\n\t\t\t\t\t\t\t\t\t\t\t\t\t\t\t\t\t\t\n\t\t\t\t\t\t\t<li>\n\t\t\t\t\t\t\t\t<div>Unit\u00e9 de livraison<\/div> \n\t\t\t\t\t\t\t<\/li>\n\t\t\t\t\t\t\t\n\t\t\t\t\t\t\t<li>\n\t\t\t\t\t\t\t\t<div style=\"line-height:1.6;\">6 bouteilles de 0,75 litre<\/div> \n\t\t\t\t\t\t\t<\/li>\n\t\t\t\t\t\t\t\n\t\t\t\t\t\t\t\t\n\t\t\t\t\t\t\t\t\t\t\t\t\t\t\t\t\t\t\n\t\t\t\t\t\t\t<li>\n\t\t\t\t\t\t\t\t<div>Dur\u00e9e de conservation<\/div> \n\t\t\t\t\t\t\t<\/li>\n\t\t\t\t\t\t\t\n\t\t\t\t\t\t\t<li>\n\t\t\t\t\t\t\t\t<div style=\"line-height:1.6;\">4 ans<\/div> \n\t\t\t\t\t\t\t<\/li>\n\t\t\t\t\t\t\t\n\t\t\t\t\t\t\t\t\n\t\t\t\t\t\t\t\t\t\t\t\t\t\t\t\t\t\t\n\t\t\t\t\t\t\t<li>\n\t\t\t\t\t\t\t\t<div>Teneur en alcool<\/div> \n\t\t\t\t\t\t\t<\/li>\n\t\t\t\t\t\t\t\n\t\t\t\t\t\t\t<li>\n\t\t\t\t\t\t\t\t<div style=\"line-height:1.6;\">13,5%<\/div> \n\t\t\t\t\t\t\t<\/li>\n\t\t\t\t\t\t\t\n\t\t\t\t\t\t\t\t\n\t\t\t\t\t\t\t\t\t\t\t\t\t\t\t\t\t\t\n\t\t\t\t\t\t\t<li>\n\t\t\t\t\t\t\t\t<div>Sucre r\u00e9siduel<\/div> \n\t\t\t\t\t\t\t<\/li>\n\t\t\t\t\t\t\t\n\t\t\t\t\t\t\t<li>\n\t\t\t\t\t\t\t\t<div style=\"line-height:1.6;\">ca. 6,0 g\/l<\/div> \n\t\t\t\t\t\t\t<\/li>\n\t\t\t\t\t\t\t\n\t\t\t\t\t\t\t\t\n\t\t\t\t\t\t\t\t\t\t\t\t\t\t\t\t\t\t\n\t\t\t\t\t\t\t<li>\n\t\t\t\t\t\t\t\t<div>Conditionnement<\/div> \n\t\t\t\t\t\t\t<\/li>\n\t\t\t\t\t\t\t\n\t\t\t\t\t\t\t<li>\n\t\t\t\t\t\t\t\t<div style=\"line-height:1.6;\">0,75 l, 1,0 l<\/div> \n\t\t\t\t\t\t\t<\/li>\n\t\t\t\t\t\t\t\n\t\t\t\t\t\t\t\t\n\t\t\t\t\t\t\t\t\t\t\t\t\n\t\t\t\t\t<\/ul>\n\t\t\t\t\n\t\t\t\t\t\n\t\t\t\t\n\t\t\t\t\n\t\t\t\t\t\t\t\t\n\t\t\t\t\t\t\t\t\n\t\t\t\t\t\t\t\t\n\t\t\t\t\n\t\t\t<\/div>\n\t\t\t\t\t\t\n\t\t\t\n\t\t<\/div>\n\t\t\n\t\t\t\t\t\n\t\t<div class=\"block height-100 height-sm-auto height-xs-auto grid-sm__item--order-1 grid-xs__item--order-1 flex flex--center\">\n\t\n\t\t\t\t\t\t\t<picture>\n\t\t\t\t\n\t\t\t\t\t<!-- image -->\n\t\t\t\t\t<source media=\"(min-width: 1800px)\" srcset=\"https:\/\/www.domaine-lagrange.com\/wp-content\/uploads\/4055160_1.png\">\n\t\t\t\t\t<source media=\"(min-width: 1200px)\" srcset=\"https:\/\/www.domaine-lagrange.com\/wp-content\/uploads\/4055160_1.png\">\n\t\t\t\t\t<source media=\"(min-width: 900px)\" srcset=\"https:\/\/www.domaine-lagrange.com\/wp-content\/uploads\/4055160_1.png\">\n\t\t\t\t\t<source media=\"(min-width: 600px)\" srcset=\"https:\/\/www.domaine-lagrange.com\/wp-content\/uploads\/4055160_1.png\">\n\t\t\t\t\t<img decoding=\"async\" src=\"https:\/\/www.domaine-lagrange.com\/wp-content\/uploads\/4055160_1.png\" alt=\"\" loading=\"lazy\" width=\"400\" height=\"400\">\n\t\t\t\n\t\t\t\t<\/picture>\n\t\t\t\t\t\n\t\t<\/div>\n\t\n\t<\/div>\n\t\n\t\n<\/div>\n\n\t\t\n\t<\/div>\n\t\n<\/section>\n<section id=\"Crosslinks\" class=\" has-aprico-background-color p-t-6 p-b-6 \" >\n\t\n\t<div class=\"container\">\n\t\n        \n\n<div id=\"product-crosslink-block_52f5fb36334ece81f281e73f76195ffa\" class=\"block block-product-crosslink\">\n\t\n\t<div class=\"block text-center\">\n\t\t\n\t\n\t\t\t\t\t<h2>Autres gammes de produits<\/h2>\n\t\t\t\t\n\t\t\n\t\t\n\t\t\t\t\t\n\t\t\t\t\n\t\t\t<div class=\"slick-slider--block-product-crosslink m-t-2\">\t\n\t\t\t\t\n\t\t\t\t\n\t\t\t\t\t\t\t\t\n\t\t\t\t\t<div class=\"slick-slider--block-product-crosslink__slide\">\n\t\t\t\t\t\t\n\t\t\t\t\t\t<div class=\"block\">\n\t\t\t\t\t\t\n\t\t\t\t\t\t\t\n\t\t\t\t\t\t\t\t\t\t\t\t\t\t\t\t\t<div class=\"block position-absolute height-100 flex flex--top flex--center z-index-20 p-t-2\">\n\t\t\t\t\t\t\t\t\t\t<h3>Terroir<\/h3> \n\t\t\t\t\t\t\t\t\t<\/div>\n\t\t\t\t\t\t\t\t\t\t\t\t\t\t\t\n\t\t\t\t\t\t\t\t<picture class=\"block ratio-four-three z-index-10 white-bg\">\n\t\t\t\t\t\t\t\t\n\t\t\t\t\t\t\t\t\t<source media=\"(min-width: 1800px)\" srcset=\"https:\/\/www.domaine-lagrange.com\/wp-content\/uploads\/FRE-07-21_LaGrange_Website_Lay5_Bilder_Terroir.png\">\n\t\t\t\t\t\t\t\t\t<source media=\"(min-width: 1200px)\" srcset=\"https:\/\/www.domaine-lagrange.com\/wp-content\/uploads\/FRE-07-21_LaGrange_Website_Lay5_Bilder_Terroir.png\">\n\t\t\t\t\t\t\t\t\t<source media=\"(min-width: 900px)\" srcset=\"https:\/\/www.domaine-lagrange.com\/wp-content\/uploads\/FRE-07-21_LaGrange_Website_Lay5_Bilder_Terroir-1200x561.png\">\n\t\t\t\t\t\t\t\t\t<source media=\"(min-width: 600px)\" srcset=\"https:\/\/www.domaine-lagrange.com\/wp-content\/uploads\/FRE-07-21_LaGrange_Website_Lay5_Bilder_Terroir-1200x561.png\">\n\t\t\t\t\t\t\t\t\t<img decoding=\"async\" src=\"https:\/\/www.domaine-lagrange.com\/wp-content\/uploads\/FRE-07-21_LaGrange_Website_Lay5_Bilder_Terroir.png\" alt=\"\" loading=\"lazy\" width=\"400\" height=\"400\">\n\t\t\t\t\t\t\t\n\t\t\t\t\t\t\t\t<\/picture>\n\t\t\t\t\t\t\t\t\n\t\t\t\t\t\t\t<\/div>\n\t\t\t\t\t\t\t\t\n\t\t\t\t\t\t\t\n\t\t\t\t\t\t\t\t\t\t\t\t\t\t\n\t\t\t\t\t\t\t    <a class=\"button m-y-2\" href=\"\/produkte\/terroir\/\" target=\"_self\">Vers la gamme  Terroir<\/a>\n\t\t\t\t\t\t\t\n\t\t\t\t\t\t\t\t\t\t\t\t\t\n\t\t\t\t\t\t\n\t\t\t\t\t<\/div>\n\t\t\t\t\t\t\n\t\t\t\t\t\t\t\t\n\t\t\t\t\t<div class=\"slick-slider--block-product-crosslink__slide\">\n\t\t\t\t\t\t\n\t\t\t\t\t\t<div class=\"block\">\n\t\t\t\t\t\t\n\t\t\t\t\t\t\t\n\t\t\t\t\t\t\t\t\t\t\t\t\t\t\t\t\t<div class=\"block position-absolute height-100 flex flex--top flex--center z-index-20 p-t-2\">\n\t\t\t\t\t\t\t\t\t\t<h3>Tradition<\/h3> \n\t\t\t\t\t\t\t\t\t<\/div>\n\t\t\t\t\t\t\t\t\t\t\t\t\t\t\t\n\t\t\t\t\t\t\t\t<picture class=\"block ratio-four-three z-index-10 white-bg\">\n\t\t\t\t\t\t\t\t\n\t\t\t\t\t\t\t\t\t<source media=\"(min-width: 1800px)\" srcset=\"https:\/\/www.domaine-lagrange.com\/wp-content\/uploads\/FRE-07-21_LaGrange_Website_Lay8_Bilder_Tradition.png\">\n\t\t\t\t\t\t\t\t\t<source media=\"(min-width: 1200px)\" srcset=\"https:\/\/www.domaine-lagrange.com\/wp-content\/uploads\/FRE-07-21_LaGrange_Website_Lay8_Bilder_Tradition.png\">\n\t\t\t\t\t\t\t\t\t<source media=\"(min-width: 900px)\" srcset=\"https:\/\/www.domaine-lagrange.com\/wp-content\/uploads\/FRE-07-21_LaGrange_Website_Lay8_Bilder_Tradition-1200x675.png\">\n\t\t\t\t\t\t\t\t\t<source media=\"(min-width: 600px)\" srcset=\"https:\/\/www.domaine-lagrange.com\/wp-content\/uploads\/FRE-07-21_LaGrange_Website_Lay8_Bilder_Tradition-1200x675.png\">\n\t\t\t\t\t\t\t\t\t<img decoding=\"async\" src=\"https:\/\/www.domaine-lagrange.com\/wp-content\/uploads\/FRE-07-21_LaGrange_Website_Lay8_Bilder_Tradition.png\" alt=\"\" loading=\"lazy\" width=\"400\" height=\"400\">\n\t\t\t\t\t\t\t\n\t\t\t\t\t\t\t\t<\/picture>\n\t\t\t\t\t\t\t\t\n\t\t\t\t\t\t\t<\/div>\n\t\t\t\t\t\t\t\t\n\t\t\t\t\t\t\t\n\t\t\t\t\t\t\t\t\t\t\t\t\t\t\n\t\t\t\t\t\t\t    <a class=\"button m-y-2\" href=\"\/produkte\/tradition\/\" target=\"_self\">Vers la gammeTradition<\/a>\n\t\t\t\t\t\t\t\n\t\t\t\t\t\t\t\t\t\t\t\t\t\n\t\t\t\t\t\t\n\t\t\t\t\t<\/div>\n\t\t\t\t\t\t\n\t\t\t\t\t\t\t\t\n\t\t\t\t\t<div class=\"slick-slider--block-product-crosslink__slide\">\n\t\t\t\t\t\t\n\t\t\t\t\t\t<div class=\"block\">\n\t\t\t\t\t\t\n\t\t\t\t\t\t\t\n\t\t\t\t\t\t\t\t\t\t\t\t\t\t\t\t\t<div class=\"block position-absolute height-100 flex flex--top flex--center z-index-20 p-t-2\">\n\t\t\t\t\t\t\t\t\t\t<h3>Castalides<\/h3> \n\t\t\t\t\t\t\t\t\t<\/div>\n\t\t\t\t\t\t\t\t\t\t\t\t\t\t\t\n\t\t\t\t\t\t\t\t<picture class=\"block ratio-four-three z-index-10 white-bg\">\n\t\t\t\t\t\t\t\t\n\t\t\t\t\t\t\t\t\t<source media=\"(min-width: 1800px)\" srcset=\"https:\/\/www.domaine-lagrange.com\/wp-content\/uploads\/FRE-07-21_LaGrange_Website_Lay5_Bilder_Castalides-1.png\">\n\t\t\t\t\t\t\t\t\t<source media=\"(min-width: 1200px)\" srcset=\"https:\/\/www.domaine-lagrange.com\/wp-content\/uploads\/FRE-07-21_LaGrange_Website_Lay5_Bilder_Castalides-1.png\">\n\t\t\t\t\t\t\t\t\t<source media=\"(min-width: 900px)\" srcset=\"https:\/\/www.domaine-lagrange.com\/wp-content\/uploads\/FRE-07-21_LaGrange_Website_Lay5_Bilder_Castalides-1-1200x639.png\">\n\t\t\t\t\t\t\t\t\t<source media=\"(min-width: 600px)\" srcset=\"https:\/\/www.domaine-lagrange.com\/wp-content\/uploads\/FRE-07-21_LaGrange_Website_Lay5_Bilder_Castalides-1-1200x639.png\">\n\t\t\t\t\t\t\t\t\t<img decoding=\"async\" src=\"https:\/\/www.domaine-lagrange.com\/wp-content\/uploads\/FRE-07-21_LaGrange_Website_Lay5_Bilder_Castalides-1.png\" alt=\"\" loading=\"lazy\" width=\"400\" height=\"400\">\n\t\t\t\t\t\t\t\n\t\t\t\t\t\t\t\t<\/picture>\n\t\t\t\t\t\t\t\t\n\t\t\t\t\t\t\t<\/div>\n\t\t\t\t\t\t\t\t\n\t\t\t\t\t\t\t\n\t\t\t\t\t\t\t\t\t\t\t\t\t\t\n\t\t\t\t\t\t\t    <a class=\"button m-y-2\" href=\"\/produkte\/castalides\/\" target=\"_self\">Vers la gamme Castalides<\/a>\n\t\t\t\t\t\t\t\n\t\t\t\t\t\t\t\t\t\t\t\t\t\n\t\t\t\t\t\t\n\t\t\t\t\t<\/div>\n\t\t\t\t\t\t\n\t\t\t\t\t\t\t\t\n\t\t\t\t\n\t\t\t<\/div>\n\t\t\t\t\n\t\t\n\t\t\t\n\t\n\t\t\n\t\t\t\n\t<\/div>\n\t\n\t\n<\/div>\n\n\t\t\n\t<\/div>\n\t\n<\/section>","protected":false},"excerpt":{"rendered":"","protected":false},"author":1,"featured_media":0,"parent":2561,"menu_order":17,"comment_status":"closed","ping_status":"closed","template":"page-builder.php","meta":{"_acf_changed":false,"footnotes":""},"class_list":["post-2555","page","type-page","status-publish","hentry"],"acf":[],"yoast_head":"<!-- This site is optimized with the Yoast SEO plugin v27.5 - https:\/\/yoast.com\/product\/yoast-seo-wordpress\/ -->\n<title>Classique &#8211; Domaine La Grange<\/title>\n<meta name=\"robots\" content=\"index, follow, max-snippet:-1, max-image-preview:large, max-video-preview:-1\" \/>\n<link rel=\"canonical\" href=\"https:\/\/www.domaine-lagrange.com\/fr\/classique\/\" \/>\n<meta property=\"og:locale\" content=\"fr_FR\" \/>\n<meta property=\"og:type\" content=\"article\" \/>\n<meta property=\"og:title\" content=\"Classique &#8211; Domaine La Grange\" \/>\n<meta property=\"og:url\" content=\"https:\/\/www.domaine-lagrange.com\/fr\/classique\/\" \/>\n<meta property=\"og:site_name\" content=\"Domaine La Grange\" \/>\n<meta name=\"twitter:card\" content=\"summary_large_image\" \/>\n<script type=\"application\/ld+json\" class=\"yoast-schema-graph\">{\"@context\":\"https:\\\/\\\/schema.org\",\"@graph\":[{\"@type\":\"WebPage\",\"@id\":\"https:\\\/\\\/www.domaine-lagrange.com\\\/fr\\\/classique\\\/\",\"url\":\"https:\\\/\\\/www.domaine-lagrange.com\\\/fr\\\/classique\\\/\",\"name\":\"Classique &#8211; Domaine La Grange\",\"isPartOf\":{\"@id\":\"https:\\\/\\\/www.domaine-lagrange.com\\\/fr\\\/#website\"},\"datePublished\":\"2024-02-07T11:51:23+00:00\",\"breadcrumb\":{\"@id\":\"https:\\\/\\\/www.domaine-lagrange.com\\\/fr\\\/classique\\\/#breadcrumb\"},\"inLanguage\":\"fr-FR\",\"potentialAction\":[{\"@type\":\"ReadAction\",\"target\":[\"https:\\\/\\\/www.domaine-lagrange.com\\\/fr\\\/classique\\\/\"]}]},{\"@type\":\"BreadcrumbList\",\"@id\":\"https:\\\/\\\/www.domaine-lagrange.com\\\/fr\\\/classique\\\/#breadcrumb\",\"itemListElement\":[{\"@type\":\"ListItem\",\"position\":1,\"name\":\"Startseite\",\"item\":\"https:\\\/\\\/www.domaine-lagrange.com\\\/fr\\\/\"},{\"@type\":\"ListItem\",\"position\":2,\"name\":\"Classique\"}]},{\"@type\":\"WebSite\",\"@id\":\"https:\\\/\\\/www.domaine-lagrange.com\\\/fr\\\/#website\",\"url\":\"https:\\\/\\\/www.domaine-lagrange.com\\\/fr\\\/\",\"name\":\"Domaine La Grange\",\"description\":\"Dem Paradies so nah\",\"publisher\":{\"@id\":\"https:\\\/\\\/www.domaine-lagrange.com\\\/fr\\\/#organization\"},\"potentialAction\":[{\"@type\":\"SearchAction\",\"target\":{\"@type\":\"EntryPoint\",\"urlTemplate\":\"https:\\\/\\\/www.domaine-lagrange.com\\\/fr\\\/?s={search_term_string}\"},\"query-input\":{\"@type\":\"PropertyValueSpecification\",\"valueRequired\":true,\"valueName\":\"search_term_string\"}}],\"inLanguage\":\"fr-FR\"},{\"@type\":\"Organization\",\"@id\":\"https:\\\/\\\/www.domaine-lagrange.com\\\/fr\\\/#organization\",\"name\":\"Domaine La Grange\",\"url\":\"https:\\\/\\\/www.domaine-lagrange.com\\\/fr\\\/\",\"logo\":{\"@type\":\"ImageObject\",\"inLanguage\":\"fr-FR\",\"@id\":\"https:\\\/\\\/www.domaine-lagrange.com\\\/fr\\\/#\\\/schema\\\/logo\\\/image\\\/\",\"url\":\"https:\\\/\\\/www.domaine-lagrange.com\\\/wp-content\\\/uploads\\\/Logo_LaGrange.svg\",\"contentUrl\":\"https:\\\/\\\/www.domaine-lagrange.com\\\/wp-content\\\/uploads\\\/Logo_LaGrange.svg\",\"width\":1,\"height\":1,\"caption\":\"Domaine La Grange\"},\"image\":{\"@id\":\"https:\\\/\\\/www.domaine-lagrange.com\\\/fr\\\/#\\\/schema\\\/logo\\\/image\\\/\"}}]}<\/script>\n<!-- \/ Yoast SEO plugin. -->","yoast_head_json":{"title":"Classique &#8211; Domaine La Grange","robots":{"index":"index","follow":"follow","max-snippet":"max-snippet:-1","max-image-preview":"max-image-preview:large","max-video-preview":"max-video-preview:-1"},"canonical":"https:\/\/www.domaine-lagrange.com\/fr\/classique\/","og_locale":"fr_FR","og_type":"article","og_title":"Classique &#8211; Domaine La Grange","og_url":"https:\/\/www.domaine-lagrange.com\/fr\/classique\/","og_site_name":"Domaine La Grange","twitter_card":"summary_large_image","schema":{"@context":"https:\/\/schema.org","@graph":[{"@type":"WebPage","@id":"https:\/\/www.domaine-lagrange.com\/fr\/classique\/","url":"https:\/\/www.domaine-lagrange.com\/fr\/classique\/","name":"Classique &#8211; Domaine La Grange","isPartOf":{"@id":"https:\/\/www.domaine-lagrange.com\/fr\/#website"},"datePublished":"2024-02-07T11:51:23+00:00","breadcrumb":{"@id":"https:\/\/www.domaine-lagrange.com\/fr\/classique\/#breadcrumb"},"inLanguage":"fr-FR","potentialAction":[{"@type":"ReadAction","target":["https:\/\/www.domaine-lagrange.com\/fr\/classique\/"]}]},{"@type":"BreadcrumbList","@id":"https:\/\/www.domaine-lagrange.com\/fr\/classique\/#breadcrumb","itemListElement":[{"@type":"ListItem","position":1,"name":"Startseite","item":"https:\/\/www.domaine-lagrange.com\/fr\/"},{"@type":"ListItem","position":2,"name":"Classique"}]},{"@type":"WebSite","@id":"https:\/\/www.domaine-lagrange.com\/fr\/#website","url":"https:\/\/www.domaine-lagrange.com\/fr\/","name":"Domaine La Grange","description":"Dem Paradies so nah","publisher":{"@id":"https:\/\/www.domaine-lagrange.com\/fr\/#organization"},"potentialAction":[{"@type":"SearchAction","target":{"@type":"EntryPoint","urlTemplate":"https:\/\/www.domaine-lagrange.com\/fr\/?s={search_term_string}"},"query-input":{"@type":"PropertyValueSpecification","valueRequired":true,"valueName":"search_term_string"}}],"inLanguage":"fr-FR"},{"@type":"Organization","@id":"https:\/\/www.domaine-lagrange.com\/fr\/#organization","name":"Domaine La Grange","url":"https:\/\/www.domaine-lagrange.com\/fr\/","logo":{"@type":"ImageObject","inLanguage":"fr-FR","@id":"https:\/\/www.domaine-lagrange.com\/fr\/#\/schema\/logo\/image\/","url":"https:\/\/www.domaine-lagrange.com\/wp-content\/uploads\/Logo_LaGrange.svg","contentUrl":"https:\/\/www.domaine-lagrange.com\/wp-content\/uploads\/Logo_LaGrange.svg","width":1,"height":1,"caption":"Domaine La Grange"},"image":{"@id":"https:\/\/www.domaine-lagrange.com\/fr\/#\/schema\/logo\/image\/"}}]}},"_links":{"self":[{"href":"https:\/\/www.domaine-lagrange.com\/fr\/wp-json\/wp\/v2\/pages\/2555","targetHints":{"allow":["GET"]}}],"collection":[{"href":"https:\/\/www.domaine-lagrange.com\/fr\/wp-json\/wp\/v2\/pages"}],"about":[{"href":"https:\/\/www.domaine-lagrange.com\/fr\/wp-json\/wp\/v2\/types\/page"}],"author":[{"embeddable":true,"href":"https:\/\/www.domaine-lagrange.com\/fr\/wp-json\/wp\/v2\/users\/1"}],"replies":[{"embeddable":true,"href":"https:\/\/www.domaine-lagrange.com\/fr\/wp-json\/wp\/v2\/comments?post=2555"}],"version-history":[{"count":0,"href":"https:\/\/www.domaine-lagrange.com\/fr\/wp-json\/wp\/v2\/pages\/2555\/revisions"}],"up":[{"embeddable":true,"href":"https:\/\/www.domaine-lagrange.com\/fr\/wp-json\/wp\/v2\/pages\/2561"}],"wp:attachment":[{"href":"https:\/\/www.domaine-lagrange.com\/fr\/wp-json\/wp\/v2\/media?parent=2555"}],"curies":[{"name":"wp","href":"https:\/\/api.w.org\/{rel}","templated":true}]}}