{"id":2551,"date":"2024-01-22T13:51:06","date_gmt":"2024-01-22T12:51:06","guid":{"rendered":"https:\/\/www.domaine-lagrange.com\/rondeur\/"},"modified":"2024-01-22T13:51:06","modified_gmt":"2024-01-22T12:51:06","slug":"rondeur","status":"publish","type":"page","link":"https:\/\/www.domaine-lagrange.com\/fr\/produits\/rondeur\/","title":{"rendered":"Rondeur"},"content":{"rendered":"\n<section id=\"section-block_480073267c0362cb2df39ce83c623889\" class=\" has-lightaprico-background-color p-t-7 p-b-7 \" >\n\t\n\t<div class=\"container\">\n\t\n        \n\n<div id=\"product-block_263d99f88fa504a6e46f99f1cae68ef2\" class=\"block block-product\">\n\t\n\t<div class=\"block grid grid--col-2 grid-sm--col-1\">\n\t\t\n\t\t<div class=\"block height-100 height-sm-auto height-xs-auto p-t-4 grid-sm__item--order-2 grid-xs__item--order-2\">\n\t\t\n\t\t\t\n\t\t\t\t\t\t\t<h2>Rondeur Appassimento <br \/>\r\nVIN DE FRANCE<\/h2>\n\t\t\t\t\t\n\t\t\t\t\t\t\t<div class=\"text-size-m\">\n\t\t\t\t\t<p>Le premier Appassimento du sud de la France<\/p>\n\t\t\t\t<\/div>\n\t\t\t\t\t\t\n\t\t\t\n\t\t\t<div class=\"product-collapse\">\n\t\t\t\n\t\t\t\t\n\t\t\t\t\t\t\t\t\n\t\t\t\t\t<ul class=\"product-list\">\n\t\t\t\t\t\t\n\t\t\t\t\t\t\t\t\t\t\t\t\t\t\t\t\t\t\n\t\t\t\t\t\t\t<li>\n\t\t\t\t\t\t\t\t<div>C\u00e9page<\/div> \n\t\t\t\t\t\t\t<\/li>\n\t\t\t\t\t\t\t\n\t\t\t\t\t\t\t<li>\n\t\t\t\t\t\t\t\t<div style=\"line-height:1.6;\">Grenache Noir, Syrah, Mourvedre<\/div> \n\t\t\t\t\t\t\t<\/li>\n\t\t\t\t\t\t\t\n\t\t\t\t\t\t\t\t\n\t\t\t\t\t\t\t\t\t\t\t\t\t\t\t\t\t\t\n\t\t\t\t\t\t\t<li>\n\t\t\t\t\t\t\t\t<div>Couleur<\/div> \n\t\t\t\t\t\t\t<\/li>\n\t\t\t\t\t\t\t\n\t\t\t\t\t\t\t<li>\n\t\t\t\t\t\t\t\t<div style=\"line-height:1.6;\">rouge fonc\u00e9 avec des reflets rouge brique<\/div> \n\t\t\t\t\t\t\t<\/li>\n\t\t\t\t\t\t\t\n\t\t\t\t\t\t\t\t\n\t\t\t\t\t\t\t\t\t\t\t\t\t\t\t\t\t\t\n\t\t\t\t\t\t\t<li>\n\t\t\t\t\t\t\t\t<div>Unit\u00e9 de livraison<\/div> \n\t\t\t\t\t\t\t<\/li>\n\t\t\t\t\t\t\t\n\t\t\t\t\t\t\t<li>\n\t\t\t\t\t\t\t\t<div style=\"line-height:1.6;\">6 bouteilles de 0,75 litre<\/div> \n\t\t\t\t\t\t\t<\/li>\n\t\t\t\t\t\t\t\n\t\t\t\t\t\t\t\t\n\t\t\t\t\t\t\t\t\t\t\t\t\t\t\t\t\t\t\n\t\t\t\t\t\t\t<li>\n\t\t\t\t\t\t\t\t<div>Dur\u00e9e de conservation<\/div> \n\t\t\t\t\t\t\t<\/li>\n\t\t\t\t\t\t\t\n\t\t\t\t\t\t\t<li>\n\t\t\t\t\t\t\t\t<div style=\"line-height:1.6;\">4 ans<\/div> \n\t\t\t\t\t\t\t<\/li>\n\t\t\t\t\t\t\t\n\t\t\t\t\t\t\t\t\n\t\t\t\t\t\t\t\t\t\t\t\t\t\t\t\t\t\t\n\t\t\t\t\t\t\t<li>\n\t\t\t\t\t\t\t\t<div>Teneur en alcool<\/div> \n\t\t\t\t\t\t\t<\/li>\n\t\t\t\t\t\t\t\n\t\t\t\t\t\t\t<li>\n\t\t\t\t\t\t\t\t<div style=\"line-height:1.6;\">14,5%<\/div> \n\t\t\t\t\t\t\t<\/li>\n\t\t\t\t\t\t\t\n\t\t\t\t\t\t\t\t\n\t\t\t\t\t\t\t\t\t\t\t\t\t\t\t\t\t\t\n\t\t\t\t\t\t\t<li>\n\t\t\t\t\t\t\t\t<div>Sucre r\u00e9siduel<\/div> \n\t\t\t\t\t\t\t<\/li>\n\t\t\t\t\t\t\t\n\t\t\t\t\t\t\t<li>\n\t\t\t\t\t\t\t\t<div style=\"line-height:1.6;\">ca. 17 g\/l<\/div> \n\t\t\t\t\t\t\t<\/li>\n\t\t\t\t\t\t\t\n\t\t\t\t\t\t\t\t\n\t\t\t\t\t\t\t\t\t\t\t\t\t\t\t\t\t\t\n\t\t\t\t\t\t\t<li>\n\t\t\t\t\t\t\t\t<div>Conditionnement<\/div> \n\t\t\t\t\t\t\t<\/li>\n\t\t\t\t\t\t\t\n\t\t\t\t\t\t\t<li>\n\t\t\t\t\t\t\t\t<div style=\"line-height:1.6;\">0,75 Liter, 1,5L, 3L<\/div> \n\t\t\t\t\t\t\t<\/li>\n\t\t\t\t\t\t\t\n\t\t\t\t\t\t\t\t\n\t\t\t\t\t\t\t\t\t\t\t\t\n\t\t\t\t\t<\/ul>\n\t\t\t\t\n\t\t\t\t\t\n\t\t\t\t\n\t\t\t\t\n\t\t\t\t\t\t\t\t\n\t\t\t\t\t\t\t\t\n\t\t\t\t\t\t\t\t\n\t\t\t\t\n\t\t\t<\/div>\n\t\t\t\t\t\t\n\t\t\t\n\t\t<\/div>\n\t\t\n\t\t\t\t\t\n\t\t<div class=\"block height-100 height-sm-auto height-xs-auto grid-sm__item--order-1 grid-xs__item--order-1 flex flex--center\">\n\t\n\t\t\t\t\t\t\t<picture>\n\t\t\t\t\n\t\t\t\t\t<!-- image -->\n\t\t\t\t\t<source media=\"(min-width: 1800px)\" srcset=\"https:\/\/www.domaine-lagrange.com\/wp-content\/uploads\/4055700_V.22_1.png\">\n\t\t\t\t\t<source media=\"(min-width: 1200px)\" srcset=\"https:\/\/www.domaine-lagrange.com\/wp-content\/uploads\/4055700_V.22_1.png\">\n\t\t\t\t\t<source media=\"(min-width: 900px)\" srcset=\"https:\/\/www.domaine-lagrange.com\/wp-content\/uploads\/4055700_V.22_1.png\">\n\t\t\t\t\t<source media=\"(min-width: 600px)\" srcset=\"https:\/\/www.domaine-lagrange.com\/wp-content\/uploads\/4055700_V.22_1.png\">\n\t\t\t\t\t<img decoding=\"async\" src=\"https:\/\/www.domaine-lagrange.com\/wp-content\/uploads\/4055700_V.22_1.png\" alt=\"\" loading=\"lazy\" width=\"400\" height=\"400\">\n\t\t\t\n\t\t\t\t<\/picture>\n\t\t\t\t\t\n\t\t<\/div>\n\t\n\t<\/div>\n\t\n\t\n<\/div>\n\n\t\t\n\t<\/div>\n\t\n<\/section>\n<section id=\"section-block_480073267c0362cb2df39ce83c623889\" class=\" has-lightaprico-background-color p-t-7 p-b-7 \" >\n\t\n\t<div class=\"container\">\n\t\n        \n\n<div id=\"product-block_c0f175ffdefc09fd3cee0e92bda5eb10\" class=\"block block-product\">\n\t\n\t<div class=\"block grid grid--col-2 grid-sm--col-1\">\n\t\t\n\t\t<div class=\"block height-100 height-sm-auto height-xs-auto p-t-4 grid-sm__item--order-2 grid-xs__item--order-2\">\n\t\t\n\t\t\t\n\t\t\t\t\t\t\t<h2>Rondeur Blanc Appassimento <br \/>\r\nVIN DE FRANCE<\/h2>\n\t\t\t\t\t\n\t\t\t\t\t\t\t<div class=\"text-size-m\">\n\t\t\t\t\t<p>Parfum de fleurs blanches et de fruits jaunes. Au palais, une agr\u00e9able fraicheu enrob\u00e9e d&rsquo;ar\u00f4mes d&rsquo;abricot et de coing. La finale est harmonieuse. <\/p>\n\t\t\t\t<\/div>\n\t\t\t\t\t\t\n\t\t\t\n\t\t\t<div class=\"product-collapse\">\n\t\t\t\n\t\t\t\t\n\t\t\t\t\t\t\t\t\n\t\t\t\t\t<ul class=\"product-list\">\n\t\t\t\t\t\t\n\t\t\t\t\t\t\t\t\t\t\t\t\t\t\t\t\t\t\n\t\t\t\t\t\t\t<li>\n\t\t\t\t\t\t\t\t<div>C\u00e9page<\/div> \n\t\t\t\t\t\t\t<\/li>\n\t\t\t\t\t\t\t\n\t\t\t\t\t\t\t<li>\n\t\t\t\t\t\t\t\t<div style=\"line-height:1.6;\">Grenache Blanc, Vermentino, Viognier<\/div> \n\t\t\t\t\t\t\t<\/li>\n\t\t\t\t\t\t\t\n\t\t\t\t\t\t\t\t\n\t\t\t\t\t\t\t\t\t\t\t\t\t\t\t\t\t\t\n\t\t\t\t\t\t\t<li>\n\t\t\t\t\t\t\t\t<div>Couleur<\/div> \n\t\t\t\t\t\t\t<\/li>\n\t\t\t\t\t\t\t\n\t\t\t\t\t\t\t<li>\n\t\t\t\t\t\t\t\t<div style=\"line-height:1.6;\">jaune d&rsquo;or intense<\/div> \n\t\t\t\t\t\t\t<\/li>\n\t\t\t\t\t\t\t\n\t\t\t\t\t\t\t\t\n\t\t\t\t\t\t\t\t\t\t\t\t\t\t\t\t\t\t\n\t\t\t\t\t\t\t<li>\n\t\t\t\t\t\t\t\t<div>Unit\u00e9 de livraison<\/div> \n\t\t\t\t\t\t\t<\/li>\n\t\t\t\t\t\t\t\n\t\t\t\t\t\t\t<li>\n\t\t\t\t\t\t\t\t<div style=\"line-height:1.6;\">6 bouteilles de 0,75 litre<\/div> \n\t\t\t\t\t\t\t<\/li>\n\t\t\t\t\t\t\t\n\t\t\t\t\t\t\t\t\n\t\t\t\t\t\t\t\t\t\t\t\t\t\t\t\t\t\t\n\t\t\t\t\t\t\t<li>\n\t\t\t\t\t\t\t\t<div>Dur\u00e9e de conservation<\/div> \n\t\t\t\t\t\t\t<\/li>\n\t\t\t\t\t\t\t\n\t\t\t\t\t\t\t<li>\n\t\t\t\t\t\t\t\t<div style=\"line-height:1.6;\">2 ans<\/div> \n\t\t\t\t\t\t\t<\/li>\n\t\t\t\t\t\t\t\n\t\t\t\t\t\t\t\t\n\t\t\t\t\t\t\t\t\t\t\t\t\t\t\t\t\t\t\n\t\t\t\t\t\t\t<li>\n\t\t\t\t\t\t\t\t<div>Teneur en alcool<\/div> \n\t\t\t\t\t\t\t<\/li>\n\t\t\t\t\t\t\t\n\t\t\t\t\t\t\t<li>\n\t\t\t\t\t\t\t\t<div style=\"line-height:1.6;\">13%<\/div> \n\t\t\t\t\t\t\t<\/li>\n\t\t\t\t\t\t\t\n\t\t\t\t\t\t\t\t\n\t\t\t\t\t\t\t\t\t\t\t\t\t\t\t\t\t\t\n\t\t\t\t\t\t\t<li>\n\t\t\t\t\t\t\t\t<div>Sucre r\u00e9siduel<\/div> \n\t\t\t\t\t\t\t<\/li>\n\t\t\t\t\t\t\t\n\t\t\t\t\t\t\t<li>\n\t\t\t\t\t\t\t\t<div style=\"line-height:1.6;\">ca. 13 g\/l<\/div> \n\t\t\t\t\t\t\t<\/li>\n\t\t\t\t\t\t\t\n\t\t\t\t\t\t\t\t\n\t\t\t\t\t\t\t\t\t\t\t\t\t\t\t\t\t\t\n\t\t\t\t\t\t\t<li>\n\t\t\t\t\t\t\t\t<div>Conditionnement<\/div> \n\t\t\t\t\t\t\t<\/li>\n\t\t\t\t\t\t\t\n\t\t\t\t\t\t\t<li>\n\t\t\t\t\t\t\t\t<div style=\"line-height:1.6;\">0,75 Liter<\/div> \n\t\t\t\t\t\t\t<\/li>\n\t\t\t\t\t\t\t\n\t\t\t\t\t\t\t\t\n\t\t\t\t\t\t\t\t\t\t\t\t\n\t\t\t\t\t<\/ul>\n\t\t\t\t\n\t\t\t\t\t\n\t\t\t\t\n\t\t\t\t\n\t\t\t\t\t\t\t\t\n\t\t\t\t\t\t\t\t\n\t\t\t\t\t\t\t\t\n\t\t\t\t\n\t\t\t<\/div>\n\t\t\t\t\t\t\n\t\t\t\n\t\t<\/div>\n\t\t\n\t\t\t\t\t\n\t\t<div class=\"block height-100 height-sm-auto height-xs-auto grid-sm__item--order-1 grid-xs__item--order-1 flex flex--center\">\n\t\n\t\t\t\t\t\t\t<picture>\n\t\t\t\t\n\t\t\t\t\t<!-- image -->\n\t\t\t\t\t<source media=\"(min-width: 1800px)\" srcset=\"https:\/\/www.domaine-lagrange.com\/wp-content\/uploads\/4055740_1.png\">\n\t\t\t\t\t<source media=\"(min-width: 1200px)\" srcset=\"https:\/\/www.domaine-lagrange.com\/wp-content\/uploads\/4055740_1.png\">\n\t\t\t\t\t<source media=\"(min-width: 900px)\" srcset=\"https:\/\/www.domaine-lagrange.com\/wp-content\/uploads\/4055740_1.png\">\n\t\t\t\t\t<source media=\"(min-width: 600px)\" srcset=\"https:\/\/www.domaine-lagrange.com\/wp-content\/uploads\/4055740_1.png\">\n\t\t\t\t\t<img decoding=\"async\" src=\"https:\/\/www.domaine-lagrange.com\/wp-content\/uploads\/4055740_1.png\" alt=\"\" loading=\"lazy\" width=\"400\" height=\"400\">\n\t\t\t\n\t\t\t\t<\/picture>\n\t\t\t\t\t\n\t\t<\/div>\n\t\n\t<\/div>\n\t\n\t\n<\/div>\n\n\t\t\n\t<\/div>\n\t\n<\/section>\n<section id=\"section-block_c4e61fc49ab5ada9ae34246e405cec6a\" class=\" has-aprico-background-color p-t-7 p-b-7 \" >\n\t\n\t<div class=\"container\">\n\t\n        \n\n<div id=\"product-block_2a5d28d1d2a41b609e174d3889b424e7\" class=\"block block-product\">\n\t\n\t<div class=\"block grid grid--col-2 grid-sm--col-1\">\n\t\t\n\t\t<div class=\"block height-100 height-sm-auto height-xs-auto p-t-4 grid-sm__item--order-2 grid-xs__item--order-2\">\n\t\t\n\t\t\t\n\t\t\t\t\t\t\t<h2>Rondeur Reserve Appassimento <br \/>\r\nVIN DE FRANCE<\/h2>\n\t\t\t\t\t\n\t\t\t\t\t\t\t<div class=\"text-size-m\">\n\t\t\t\t\t<p>Au nez, des ar\u00f4mes puissants de garrigue associ\u00e9s \u00e0 des fruits rouges et noirs. En bouche, les notes intenses de baies sont compl\u00e9t\u00e9es par une belle mineralit\u00e9 marqu\u00e9e par le terroir.  La finale est impressionnante et persistante.<\/p>\n\t\t\t\t<\/div>\n\t\t\t\t\t\t\n\t\t\t\n\t\t\t<div class=\"product-collapse\">\n\t\t\t\n\t\t\t\t\n\t\t\t\t\t\t\t\t\n\t\t\t\t\t<ul class=\"product-list\">\n\t\t\t\t\t\t\n\t\t\t\t\t\t\t\t\t\t\t\t\t\t\t\t\t\t\n\t\t\t\t\t\t\t<li>\n\t\t\t\t\t\t\t\t<div>C\u00e9page<\/div> \n\t\t\t\t\t\t\t<\/li>\n\t\t\t\t\t\t\t\n\t\t\t\t\t\t\t<li>\n\t\t\t\t\t\t\t\t<div style=\"line-height:1.6;\">Cabernet Sauvignon, Syrah<\/div> \n\t\t\t\t\t\t\t<\/li>\n\t\t\t\t\t\t\t\n\t\t\t\t\t\t\t\t\n\t\t\t\t\t\t\t\t\t\t\t\t\t\t\t\t\t\t\n\t\t\t\t\t\t\t<li>\n\t\t\t\t\t\t\t\t<div>Couleur<\/div> \n\t\t\t\t\t\t\t<\/li>\n\t\t\t\t\t\t\t\n\t\t\t\t\t\t\t<li>\n\t\t\t\t\t\t\t\t<div style=\"line-height:1.6;\">rouge fonc\u00e9 avec des reflets rouge brique<\/div> \n\t\t\t\t\t\t\t<\/li>\n\t\t\t\t\t\t\t\n\t\t\t\t\t\t\t\t\n\t\t\t\t\t\t\t\t\t\t\t\t\t\t\t\t\t\t\n\t\t\t\t\t\t\t<li>\n\t\t\t\t\t\t\t\t<div>Unit\u00e9 de livraison<\/div> \n\t\t\t\t\t\t\t<\/li>\n\t\t\t\t\t\t\t\n\t\t\t\t\t\t\t<li>\n\t\t\t\t\t\t\t\t<div style=\"line-height:1.6;\">6 bouteilles de 0,75 litre<\/div> \n\t\t\t\t\t\t\t<\/li>\n\t\t\t\t\t\t\t\n\t\t\t\t\t\t\t\t\n\t\t\t\t\t\t\t\t\t\t\t\t\t\t\t\t\t\t\n\t\t\t\t\t\t\t<li>\n\t\t\t\t\t\t\t\t<div>Dur\u00e9e de conservation<\/div> \n\t\t\t\t\t\t\t<\/li>\n\t\t\t\t\t\t\t\n\t\t\t\t\t\t\t<li>\n\t\t\t\t\t\t\t\t<div style=\"line-height:1.6;\">4 ans<\/div> \n\t\t\t\t\t\t\t<\/li>\n\t\t\t\t\t\t\t\n\t\t\t\t\t\t\t\t\n\t\t\t\t\t\t\t\t\t\t\t\t\t\t\t\t\t\t\n\t\t\t\t\t\t\t<li>\n\t\t\t\t\t\t\t\t<div>Teneur en alcool<\/div> \n\t\t\t\t\t\t\t<\/li>\n\t\t\t\t\t\t\t\n\t\t\t\t\t\t\t<li>\n\t\t\t\t\t\t\t\t<div style=\"line-height:1.6;\">14% <\/div> \n\t\t\t\t\t\t\t<\/li>\n\t\t\t\t\t\t\t\n\t\t\t\t\t\t\t\t\n\t\t\t\t\t\t\t\t\t\t\t\t\t\t\t\t\t\t\n\t\t\t\t\t\t\t<li>\n\t\t\t\t\t\t\t\t<div>Sucre r\u00e9siduel<\/div> \n\t\t\t\t\t\t\t<\/li>\n\t\t\t\t\t\t\t\n\t\t\t\t\t\t\t<li>\n\t\t\t\t\t\t\t\t<div style=\"line-height:1.6;\">ca. 17 g\/l<\/div> \n\t\t\t\t\t\t\t<\/li>\n\t\t\t\t\t\t\t\n\t\t\t\t\t\t\t\t\n\t\t\t\t\t\t\t\t\t\t\t\t\t\t\t\t\t\t\n\t\t\t\t\t\t\t<li>\n\t\t\t\t\t\t\t\t<div>Conditionnement<\/div> \n\t\t\t\t\t\t\t<\/li>\n\t\t\t\t\t\t\t\n\t\t\t\t\t\t\t<li>\n\t\t\t\t\t\t\t\t<div style=\"line-height:1.6;\">0,75l<\/div> \n\t\t\t\t\t\t\t<\/li>\n\t\t\t\t\t\t\t\n\t\t\t\t\t\t\t\t\n\t\t\t\t\t\t\t\t\t\t\t\t\n\t\t\t\t\t<\/ul>\n\t\t\t\t\n\t\t\t\t\t\n\t\t\t\t\n\t\t\t\t\n\t\t\t\t\t\t\t\t\n\t\t\t\t\t\t\t\t\n\t\t\t\t\t\t\t\t\n\t\t\t\t\n\t\t\t<\/div>\n\t\t\t\t\t\t\n\t\t\t\n\t\t<\/div>\n\t\t\n\t\t\t\t\t\n\t\t<div class=\"block height-100 height-sm-auto height-xs-auto grid-sm__item--order-1 grid-xs__item--order-1 flex flex--center\">\n\t\n\t\t\t\t\t\t\t<picture>\n\t\t\t\t\n\t\t\t\t\t<!-- image -->\n\t\t\t\t\t<source media=\"(min-width: 1800px)\" srcset=\"https:\/\/www.domaine-lagrange.com\/wp-content\/uploads\/4055730_V.20_1.png\">\n\t\t\t\t\t<source media=\"(min-width: 1200px)\" srcset=\"https:\/\/www.domaine-lagrange.com\/wp-content\/uploads\/4055730_V.20_1.png\">\n\t\t\t\t\t<source media=\"(min-width: 900px)\" srcset=\"https:\/\/www.domaine-lagrange.com\/wp-content\/uploads\/4055730_V.20_1.png\">\n\t\t\t\t\t<source media=\"(min-width: 600px)\" srcset=\"https:\/\/www.domaine-lagrange.com\/wp-content\/uploads\/4055730_V.20_1.png\">\n\t\t\t\t\t<img decoding=\"async\" src=\"https:\/\/www.domaine-lagrange.com\/wp-content\/uploads\/4055730_V.20_1.png\" alt=\"\" loading=\"lazy\" width=\"400\" height=\"400\">\n\t\t\t\n\t\t\t\t<\/picture>\n\t\t\t\t\t\n\t\t<\/div>\n\t\n\t<\/div>\n\t\n\t\n<\/div>\n\n\t\t\n\t<\/div>\n\t\n<\/section>\n<section id=\"section-block_17b703b2ebaed33eb676beb8f95f5c4a\" class=\" has-aprico-background-color p-t-6 p-b-6 \" >\n\t\n\t<div class=\"container\">\n\t\n        \n\n<div id=\"product-crosslink-block_495e941511f5b71fc9ebb91bb121e407\" class=\"block block-product-crosslink\">\n\t\n\t<div class=\"block text-center\">\n\t\t\n\t\n\t\t\t\t\t<h2>Autres gammes de produits<\/h2>\n\t\t\t\t\n\t\t\n\t\t\n\t\t\t\t\t\n\t\t\t\t\n\t\t\t<div class=\"slick-slider--block-product-crosslink m-t-2\">\t\n\t\t\t\t\n\t\t\t\t\n\t\t\t\t\t\t\t\t\n\t\t\t\t\t<div class=\"slick-slider--block-product-crosslink__slide\">\n\t\t\t\t\t\t\n\t\t\t\t\t\t<div class=\"block\">\n\t\t\t\t\t\t\n\t\t\t\t\t\t\t\n\t\t\t\t\t\t\t\t\t\t\t\t\t\t\t\t\t<div class=\"block position-absolute height-100 flex flex--top flex--center z-index-20 p-t-2\">\n\t\t\t\t\t\t\t\t\t\t<h3>Terroir<\/h3> \n\t\t\t\t\t\t\t\t\t<\/div>\n\t\t\t\t\t\t\t\t\t\t\t\t\t\t\t\n\t\t\t\t\t\t\t\t<picture class=\"block ratio-four-three z-index-10 white-bg\">\n\t\t\t\t\t\t\t\t\n\t\t\t\t\t\t\t\t\t<source media=\"(min-width: 1800px)\" srcset=\"https:\/\/www.domaine-lagrange.com\/wp-content\/uploads\/FRE-07-21_LaGrange_Website_Lay5_Bilder_Terroir.png\">\n\t\t\t\t\t\t\t\t\t<source media=\"(min-width: 1200px)\" srcset=\"https:\/\/www.domaine-lagrange.com\/wp-content\/uploads\/FRE-07-21_LaGrange_Website_Lay5_Bilder_Terroir.png\">\n\t\t\t\t\t\t\t\t\t<source media=\"(min-width: 900px)\" srcset=\"https:\/\/www.domaine-lagrange.com\/wp-content\/uploads\/FRE-07-21_LaGrange_Website_Lay5_Bilder_Terroir-1200x561.png\">\n\t\t\t\t\t\t\t\t\t<source media=\"(min-width: 600px)\" srcset=\"https:\/\/www.domaine-lagrange.com\/wp-content\/uploads\/FRE-07-21_LaGrange_Website_Lay5_Bilder_Terroir-1200x561.png\">\n\t\t\t\t\t\t\t\t\t<img decoding=\"async\" src=\"https:\/\/www.domaine-lagrange.com\/wp-content\/uploads\/FRE-07-21_LaGrange_Website_Lay5_Bilder_Terroir.png\" alt=\"\" loading=\"lazy\" width=\"400\" height=\"400\">\n\t\t\t\t\t\t\t\n\t\t\t\t\t\t\t\t<\/picture>\n\t\t\t\t\t\t\t\t\n\t\t\t\t\t\t\t<\/div>\n\t\t\t\t\t\t\t\t\n\t\t\t\t\t\t\t\n\t\t\t\t\t\t\t\t\t\t\t\t\t\t\n\t\t\t\t\t\t\t    <a class=\"button m-y-2\" href=\"\/produkte\/terroir\/\" target=\"_self\">Vers la gamme  Terroir<\/a>\n\t\t\t\t\t\t\t\n\t\t\t\t\t\t\t\t\t\t\t\t\t\n\t\t\t\t\t\t\n\t\t\t\t\t<\/div>\n\t\t\t\t\t\t\n\t\t\t\t\t\t\t\t\n\t\t\t\t\t<div class=\"slick-slider--block-product-crosslink__slide\">\n\t\t\t\t\t\t\n\t\t\t\t\t\t<div class=\"block\">\n\t\t\t\t\t\t\n\t\t\t\t\t\t\t\n\t\t\t\t\t\t\t\t\t\t\t\t\t\t\t\t\t<div class=\"block position-absolute height-100 flex flex--top flex--center z-index-20 p-t-2\">\n\t\t\t\t\t\t\t\t\t\t<h3>Tradition<\/h3> \n\t\t\t\t\t\t\t\t\t<\/div>\n\t\t\t\t\t\t\t\t\t\t\t\t\t\t\t\n\t\t\t\t\t\t\t\t<picture class=\"block ratio-four-three z-index-10 white-bg\">\n\t\t\t\t\t\t\t\t\n\t\t\t\t\t\t\t\t\t<source media=\"(min-width: 1800px)\" srcset=\"https:\/\/www.domaine-lagrange.com\/wp-content\/uploads\/FRE-07-21_LaGrange_Website_Lay8_Bilder_Tradition.png\">\n\t\t\t\t\t\t\t\t\t<source media=\"(min-width: 1200px)\" srcset=\"https:\/\/www.domaine-lagrange.com\/wp-content\/uploads\/FRE-07-21_LaGrange_Website_Lay8_Bilder_Tradition.png\">\n\t\t\t\t\t\t\t\t\t<source media=\"(min-width: 900px)\" srcset=\"https:\/\/www.domaine-lagrange.com\/wp-content\/uploads\/FRE-07-21_LaGrange_Website_Lay8_Bilder_Tradition-1200x675.png\">\n\t\t\t\t\t\t\t\t\t<source media=\"(min-width: 600px)\" srcset=\"https:\/\/www.domaine-lagrange.com\/wp-content\/uploads\/FRE-07-21_LaGrange_Website_Lay8_Bilder_Tradition-1200x675.png\">\n\t\t\t\t\t\t\t\t\t<img decoding=\"async\" src=\"https:\/\/www.domaine-lagrange.com\/wp-content\/uploads\/FRE-07-21_LaGrange_Website_Lay8_Bilder_Tradition.png\" alt=\"\" loading=\"lazy\" width=\"400\" height=\"400\">\n\t\t\t\t\t\t\t\n\t\t\t\t\t\t\t\t<\/picture>\n\t\t\t\t\t\t\t\t\n\t\t\t\t\t\t\t<\/div>\n\t\t\t\t\t\t\t\t\n\t\t\t\t\t\t\t\n\t\t\t\t\t\t\t\t\t\t\t\t\t\t\n\t\t\t\t\t\t\t    <a class=\"button m-y-2\" href=\"\/produkte\/tradition\/\" target=\"_self\">Vers la gammeTradition<\/a>\n\t\t\t\t\t\t\t\n\t\t\t\t\t\t\t\t\t\t\t\t\t\n\t\t\t\t\t\t\n\t\t\t\t\t<\/div>\n\t\t\t\t\t\t\n\t\t\t\t\t\t\t\t\n\t\t\t\t\t<div class=\"slick-slider--block-product-crosslink__slide\">\n\t\t\t\t\t\t\n\t\t\t\t\t\t<div class=\"block\">\n\t\t\t\t\t\t\n\t\t\t\t\t\t\t\n\t\t\t\t\t\t\t\t\t\t\t\t\t\t\t\t\t<div class=\"block position-absolute height-100 flex flex--top flex--center z-index-20 p-t-2\">\n\t\t\t\t\t\t\t\t\t\t<h3>Castalides<\/h3> \n\t\t\t\t\t\t\t\t\t<\/div>\n\t\t\t\t\t\t\t\t\t\t\t\t\t\t\t\n\t\t\t\t\t\t\t\t<picture class=\"block ratio-four-three z-index-10 white-bg\">\n\t\t\t\t\t\t\t\t\n\t\t\t\t\t\t\t\t\t<source media=\"(min-width: 1800px)\" srcset=\"https:\/\/www.domaine-lagrange.com\/wp-content\/uploads\/FRE-07-21_LaGrange_Website_Lay5_Bilder_Castalides-1.png\">\n\t\t\t\t\t\t\t\t\t<source media=\"(min-width: 1200px)\" srcset=\"https:\/\/www.domaine-lagrange.com\/wp-content\/uploads\/FRE-07-21_LaGrange_Website_Lay5_Bilder_Castalides-1.png\">\n\t\t\t\t\t\t\t\t\t<source media=\"(min-width: 900px)\" srcset=\"https:\/\/www.domaine-lagrange.com\/wp-content\/uploads\/FRE-07-21_LaGrange_Website_Lay5_Bilder_Castalides-1-1200x639.png\">\n\t\t\t\t\t\t\t\t\t<source media=\"(min-width: 600px)\" srcset=\"https:\/\/www.domaine-lagrange.com\/wp-content\/uploads\/FRE-07-21_LaGrange_Website_Lay5_Bilder_Castalides-1-1200x639.png\">\n\t\t\t\t\t\t\t\t\t<img decoding=\"async\" src=\"https:\/\/www.domaine-lagrange.com\/wp-content\/uploads\/FRE-07-21_LaGrange_Website_Lay5_Bilder_Castalides-1.png\" alt=\"\" loading=\"lazy\" width=\"400\" height=\"400\">\n\t\t\t\t\t\t\t\n\t\t\t\t\t\t\t\t<\/picture>\n\t\t\t\t\t\t\t\t\n\t\t\t\t\t\t\t<\/div>\n\t\t\t\t\t\t\t\t\n\t\t\t\t\t\t\t\n\t\t\t\t\t\t\t\t\t\t\t\t\t\t\n\t\t\t\t\t\t\t    <a class=\"button m-y-2\" href=\"\/produkte\/castalides\/\" target=\"_self\">Vers la gamme Castalides<\/a>\n\t\t\t\t\t\t\t\n\t\t\t\t\t\t\t\t\t\t\t\t\t\n\t\t\t\t\t\t\n\t\t\t\t\t<\/div>\n\t\t\t\t\t\t\n\t\t\t\t\t\t\t\t\n\t\t\t\t\n\t\t\t<\/div>\n\t\t\t\t\n\t\t\n\t\t\t\n\t\n\t\t\n\t\t\t\n\t<\/div>\n\t\n\t\n<\/div>\n\n\t\t\n\t<\/div>\n\t\n<\/section>","protected":false},"excerpt":{"rendered":"","protected":false},"author":1,"featured_media":0,"parent":2561,"menu_order":25,"comment_status":"closed","ping_status":"closed","template":"page-builder.php","meta":{"_acf_changed":false,"footnotes":""},"class_list":["post-2551","page","type-page","status-publish","hentry"],"acf":[],"yoast_head":"<!-- This site is optimized with the Yoast SEO plugin v27.5 - https:\/\/yoast.com\/product\/yoast-seo-wordpress\/ -->\n<title>Rondeur &#8211; Domaine La Grange<\/title>\n<meta name=\"robots\" content=\"index, follow, max-snippet:-1, max-image-preview:large, max-video-preview:-1\" \/>\n<link rel=\"canonical\" href=\"https:\/\/www.domaine-lagrange.com\/fr\/rondeur\/\" \/>\n<meta property=\"og:locale\" content=\"fr_FR\" \/>\n<meta property=\"og:type\" content=\"article\" \/>\n<meta property=\"og:title\" content=\"Rondeur &#8211; Domaine La Grange\" \/>\n<meta property=\"og:url\" content=\"https:\/\/www.domaine-lagrange.com\/fr\/rondeur\/\" \/>\n<meta property=\"og:site_name\" content=\"Domaine La Grange\" \/>\n<meta name=\"twitter:card\" content=\"summary_large_image\" \/>\n<script type=\"application\/ld+json\" class=\"yoast-schema-graph\">{\"@context\":\"https:\\\/\\\/schema.org\",\"@graph\":[{\"@type\":\"WebPage\",\"@id\":\"https:\\\/\\\/www.domaine-lagrange.com\\\/fr\\\/rondeur\\\/\",\"url\":\"https:\\\/\\\/www.domaine-lagrange.com\\\/fr\\\/rondeur\\\/\",\"name\":\"Rondeur &#8211; Domaine La Grange\",\"isPartOf\":{\"@id\":\"https:\\\/\\\/www.domaine-lagrange.com\\\/fr\\\/#website\"},\"datePublished\":\"2024-01-22T12:51:06+00:00\",\"breadcrumb\":{\"@id\":\"https:\\\/\\\/www.domaine-lagrange.com\\\/fr\\\/rondeur\\\/#breadcrumb\"},\"inLanguage\":\"fr-FR\",\"potentialAction\":[{\"@type\":\"ReadAction\",\"target\":[\"https:\\\/\\\/www.domaine-lagrange.com\\\/fr\\\/rondeur\\\/\"]}]},{\"@type\":\"BreadcrumbList\",\"@id\":\"https:\\\/\\\/www.domaine-lagrange.com\\\/fr\\\/rondeur\\\/#breadcrumb\",\"itemListElement\":[{\"@type\":\"ListItem\",\"position\":1,\"name\":\"Startseite\",\"item\":\"https:\\\/\\\/www.domaine-lagrange.com\\\/fr\\\/\"},{\"@type\":\"ListItem\",\"position\":2,\"name\":\"Rondeur\"}]},{\"@type\":\"WebSite\",\"@id\":\"https:\\\/\\\/www.domaine-lagrange.com\\\/fr\\\/#website\",\"url\":\"https:\\\/\\\/www.domaine-lagrange.com\\\/fr\\\/\",\"name\":\"Domaine La Grange\",\"description\":\"Dem Paradies so nah\",\"publisher\":{\"@id\":\"https:\\\/\\\/www.domaine-lagrange.com\\\/fr\\\/#organization\"},\"potentialAction\":[{\"@type\":\"SearchAction\",\"target\":{\"@type\":\"EntryPoint\",\"urlTemplate\":\"https:\\\/\\\/www.domaine-lagrange.com\\\/fr\\\/?s={search_term_string}\"},\"query-input\":{\"@type\":\"PropertyValueSpecification\",\"valueRequired\":true,\"valueName\":\"search_term_string\"}}],\"inLanguage\":\"fr-FR\"},{\"@type\":\"Organization\",\"@id\":\"https:\\\/\\\/www.domaine-lagrange.com\\\/fr\\\/#organization\",\"name\":\"Domaine La Grange\",\"url\":\"https:\\\/\\\/www.domaine-lagrange.com\\\/fr\\\/\",\"logo\":{\"@type\":\"ImageObject\",\"inLanguage\":\"fr-FR\",\"@id\":\"https:\\\/\\\/www.domaine-lagrange.com\\\/fr\\\/#\\\/schema\\\/logo\\\/image\\\/\",\"url\":\"https:\\\/\\\/www.domaine-lagrange.com\\\/wp-content\\\/uploads\\\/Logo_LaGrange.svg\",\"contentUrl\":\"https:\\\/\\\/www.domaine-lagrange.com\\\/wp-content\\\/uploads\\\/Logo_LaGrange.svg\",\"width\":1,\"height\":1,\"caption\":\"Domaine La Grange\"},\"image\":{\"@id\":\"https:\\\/\\\/www.domaine-lagrange.com\\\/fr\\\/#\\\/schema\\\/logo\\\/image\\\/\"}}]}<\/script>\n<!-- \/ Yoast SEO plugin. -->","yoast_head_json":{"title":"Rondeur &#8211; Domaine La Grange","robots":{"index":"index","follow":"follow","max-snippet":"max-snippet:-1","max-image-preview":"max-image-preview:large","max-video-preview":"max-video-preview:-1"},"canonical":"https:\/\/www.domaine-lagrange.com\/fr\/rondeur\/","og_locale":"fr_FR","og_type":"article","og_title":"Rondeur &#8211; Domaine La Grange","og_url":"https:\/\/www.domaine-lagrange.com\/fr\/rondeur\/","og_site_name":"Domaine La Grange","twitter_card":"summary_large_image","schema":{"@context":"https:\/\/schema.org","@graph":[{"@type":"WebPage","@id":"https:\/\/www.domaine-lagrange.com\/fr\/rondeur\/","url":"https:\/\/www.domaine-lagrange.com\/fr\/rondeur\/","name":"Rondeur &#8211; Domaine La Grange","isPartOf":{"@id":"https:\/\/www.domaine-lagrange.com\/fr\/#website"},"datePublished":"2024-01-22T12:51:06+00:00","breadcrumb":{"@id":"https:\/\/www.domaine-lagrange.com\/fr\/rondeur\/#breadcrumb"},"inLanguage":"fr-FR","potentialAction":[{"@type":"ReadAction","target":["https:\/\/www.domaine-lagrange.com\/fr\/rondeur\/"]}]},{"@type":"BreadcrumbList","@id":"https:\/\/www.domaine-lagrange.com\/fr\/rondeur\/#breadcrumb","itemListElement":[{"@type":"ListItem","position":1,"name":"Startseite","item":"https:\/\/www.domaine-lagrange.com\/fr\/"},{"@type":"ListItem","position":2,"name":"Rondeur"}]},{"@type":"WebSite","@id":"https:\/\/www.domaine-lagrange.com\/fr\/#website","url":"https:\/\/www.domaine-lagrange.com\/fr\/","name":"Domaine La Grange","description":"Dem Paradies so nah","publisher":{"@id":"https:\/\/www.domaine-lagrange.com\/fr\/#organization"},"potentialAction":[{"@type":"SearchAction","target":{"@type":"EntryPoint","urlTemplate":"https:\/\/www.domaine-lagrange.com\/fr\/?s={search_term_string}"},"query-input":{"@type":"PropertyValueSpecification","valueRequired":true,"valueName":"search_term_string"}}],"inLanguage":"fr-FR"},{"@type":"Organization","@id":"https:\/\/www.domaine-lagrange.com\/fr\/#organization","name":"Domaine La Grange","url":"https:\/\/www.domaine-lagrange.com\/fr\/","logo":{"@type":"ImageObject","inLanguage":"fr-FR","@id":"https:\/\/www.domaine-lagrange.com\/fr\/#\/schema\/logo\/image\/","url":"https:\/\/www.domaine-lagrange.com\/wp-content\/uploads\/Logo_LaGrange.svg","contentUrl":"https:\/\/www.domaine-lagrange.com\/wp-content\/uploads\/Logo_LaGrange.svg","width":1,"height":1,"caption":"Domaine La Grange"},"image":{"@id":"https:\/\/www.domaine-lagrange.com\/fr\/#\/schema\/logo\/image\/"}}]}},"_links":{"self":[{"href":"https:\/\/www.domaine-lagrange.com\/fr\/wp-json\/wp\/v2\/pages\/2551","targetHints":{"allow":["GET"]}}],"collection":[{"href":"https:\/\/www.domaine-lagrange.com\/fr\/wp-json\/wp\/v2\/pages"}],"about":[{"href":"https:\/\/www.domaine-lagrange.com\/fr\/wp-json\/wp\/v2\/types\/page"}],"author":[{"embeddable":true,"href":"https:\/\/www.domaine-lagrange.com\/fr\/wp-json\/wp\/v2\/users\/1"}],"replies":[{"embeddable":true,"href":"https:\/\/www.domaine-lagrange.com\/fr\/wp-json\/wp\/v2\/comments?post=2551"}],"version-history":[{"count":0,"href":"https:\/\/www.domaine-lagrange.com\/fr\/wp-json\/wp\/v2\/pages\/2551\/revisions"}],"up":[{"embeddable":true,"href":"https:\/\/www.domaine-lagrange.com\/fr\/wp-json\/wp\/v2\/pages\/2561"}],"wp:attachment":[{"href":"https:\/\/www.domaine-lagrange.com\/fr\/wp-json\/wp\/v2\/media?parent=2551"}],"curies":[{"name":"wp","href":"https:\/\/api.w.org\/{rel}","templated":true}]}}