{"id":2547,"date":"2024-01-22T13:38:01","date_gmt":"2024-01-22T12:38:01","guid":{"rendered":"https:\/\/www.domaine-lagrange.com\/rose-de-rose\/"},"modified":"2024-01-22T13:38:01","modified_gmt":"2024-01-22T12:38:01","slug":"rose-de-rose","status":"publish","type":"page","link":"https:\/\/www.domaine-lagrange.com\/fr\/produits\/rose-de-rose\/","title":{"rendered":"Ros\u00e9 de Ros\u00e9"},"content":{"rendered":"\n<section id=\"section-block_4cfd33f81a129ac8ad9402437013b309\" class=\" has-lightaprico-background-color p-t-7 p-b-7 \" >\n\t\n\t<div class=\"container\">\n\t\n        \n\n<div id=\"product-block_fc5981108736a77dceea09b287dd014f\" class=\"block block-product\">\n\t\n\t<div class=\"block grid grid--col-2 grid-sm--col-1\">\n\t\t\n\t\t<div class=\"block height-100 height-sm-auto height-xs-auto p-t-4 grid-sm__item--order-2 grid-xs__item--order-2\">\n\t\t\n\t\t\t\n\t\t\t\t\t\t\t<h2>Ros\u00e9 de Ros\u00e9 <br \/>\r\nAOP LANGUEDOC<\/h2>\n\t\t\t\t\t\n\t\t\t\t\t\t\t<div class=\"text-size-m\">\n\t\t\t\t\t<p>Quelle belle couleur !<br \/>\nNez d\u00e9licat de fleurs de p\u00eacher et de groseille. En bouche, une pointe  de pamplemousse rose, et des notes remarquables de garrigue.<br \/>\nVous pouvez ressentir une l\u00e9g\u00e8re brise marine sur vos levres, juste assez pour qu&rsquo;on la remarque.<br \/>\nLe Ros\u00e9 de Ros\u00e9 est frais, \u00e9l\u00e9gant, d&rsquo;un rose radieux et fait preuve d&rsquo;un \u00e9quilibre parfait entre une acidit\u00e9 vive et des ar\u00f4mes fins.<br \/>\nL\u00e9g\u00e8rement min\u00e9ral et presque vibrant, ce ros\u00e9 d\u2019exception r\u00e9v\u00e8le le go\u00fbt de l&rsquo;\u00e9t\u00e9 et le parfum du Languedoc. Tout est r\u00e9uni dans un seul verre !<\/p>\n\t\t\t\t<\/div>\n\t\t\t\t\t\t\n\t\t\t\n\t\t\t<div class=\"product-collapse\">\n\t\t\t\n\t\t\t\t\n\t\t\t\t\t\t\t\t\n\t\t\t\t\t<ul class=\"product-list\">\n\t\t\t\t\t\t\n\t\t\t\t\t\t\t\t\t\t\t\t\t\t\t\t\t\t\n\t\t\t\t\t\t\t<li>\n\t\t\t\t\t\t\t\t<div>C\u00e9page<\/div> \n\t\t\t\t\t\t\t<\/li>\n\t\t\t\t\t\t\t\n\t\t\t\t\t\t\t<li>\n\t\t\t\t\t\t\t\t<div style=\"line-height:1.6;\">Grenache Noir, Syrah, Mourv\u00e9dre<\/div> \n\t\t\t\t\t\t\t<\/li>\n\t\t\t\t\t\t\t\n\t\t\t\t\t\t\t\t\n\t\t\t\t\t\t\t\t\t\t\t\t\t\t\t\t\t\t\n\t\t\t\t\t\t\t<li>\n\t\t\t\t\t\t\t\t<div>couleur<\/div> \n\t\t\t\t\t\t\t<\/li>\n\t\t\t\t\t\t\t\n\t\t\t\t\t\t\t<li>\n\t\t\t\t\t\t\t\t<div style=\"line-height:1.6;\">ros\u00e9 lumineux avec des reflets violets<\/div> \n\t\t\t\t\t\t\t<\/li>\n\t\t\t\t\t\t\t\n\t\t\t\t\t\t\t\t\n\t\t\t\t\t\t\t\t\t\t\t\t\t\t\t\t\t\t\n\t\t\t\t\t\t\t<li>\n\t\t\t\t\t\t\t\t<div>Unit\u00e9 de livraison<\/div> \n\t\t\t\t\t\t\t<\/li>\n\t\t\t\t\t\t\t\n\t\t\t\t\t\t\t<li>\n\t\t\t\t\t\t\t\t<div style=\"line-height:1.6;\">6 bouteilles de 0,75 litre<\/div> \n\t\t\t\t\t\t\t<\/li>\n\t\t\t\t\t\t\t\n\t\t\t\t\t\t\t\t\n\t\t\t\t\t\t\t\t\t\t\t\t\t\t\t\t\t\t\n\t\t\t\t\t\t\t<li>\n\t\t\t\t\t\t\t\t<div>Dur\u00e9e de conservation<\/div> \n\t\t\t\t\t\t\t<\/li>\n\t\t\t\t\t\t\t\n\t\t\t\t\t\t\t<li>\n\t\t\t\t\t\t\t\t<div style=\"line-height:1.6;\">2 ans<\/div> \n\t\t\t\t\t\t\t<\/li>\n\t\t\t\t\t\t\t\n\t\t\t\t\t\t\t\t\n\t\t\t\t\t\t\t\t\t\t\t\t\t\t\t\t\t\t\n\t\t\t\t\t\t\t<li>\n\t\t\t\t\t\t\t\t<div>Teneur en alcool<\/div> \n\t\t\t\t\t\t\t<\/li>\n\t\t\t\t\t\t\t\n\t\t\t\t\t\t\t<li>\n\t\t\t\t\t\t\t\t<div style=\"line-height:1.6;\">13%<\/div> \n\t\t\t\t\t\t\t<\/li>\n\t\t\t\t\t\t\t\n\t\t\t\t\t\t\t\t\n\t\t\t\t\t\t\t\t\t\t\t\t\t\t\t\t\t\t\n\t\t\t\t\t\t\t<li>\n\t\t\t\t\t\t\t\t<div>Sucre r\u00e9siduel<\/div> \n\t\t\t\t\t\t\t<\/li>\n\t\t\t\t\t\t\t\n\t\t\t\t\t\t\t<li>\n\t\t\t\t\t\t\t\t<div style=\"line-height:1.6;\">ca. 2,0 g\/l<\/div> \n\t\t\t\t\t\t\t<\/li>\n\t\t\t\t\t\t\t\n\t\t\t\t\t\t\t\t\n\t\t\t\t\t\t\t\t\t\t\t\t\t\t\t\t\t\t\n\t\t\t\t\t\t\t<li>\n\t\t\t\t\t\t\t\t<div>Conditionnement<\/div> \n\t\t\t\t\t\t\t<\/li>\n\t\t\t\t\t\t\t\n\t\t\t\t\t\t\t<li>\n\t\t\t\t\t\t\t\t<div style=\"line-height:1.6;\">0,75 Liter<\/div> \n\t\t\t\t\t\t\t<\/li>\n\t\t\t\t\t\t\t\n\t\t\t\t\t\t\t\t\n\t\t\t\t\t\t\t\t\t\t\t\t\n\t\t\t\t\t<\/ul>\n\t\t\t\t\n\t\t\t\t\t\n\t\t\t\t\n\t\t\t\t\n\t\t\t\t\t\t\t\t\t<h3>Distinctions <\/h3>\n\t\t\t\t\t\t\t\t\n\t\t\t\t\t\t\t\t\t<div class=\"text-size-s\">\n\t\t\t\t\t\t<p>2020 Meiningers Internationaler Ros\u00e9 Preis &#8211; 91 Punkte, Bester Ros\u00e9 Languedoc-Roussillon<br \/>\n2021 Mundus Vini &#8211; Gold<\/p>\n\t\t\t\t\t<\/div>\n\t\t\t\t\t\t\t\t\n\t\t\t\t\t\t\t\t\n\t\t\t\t\n\t\t\t<\/div>\n\t\t\t\t\t\t\n\t\t\t\n\t\t<\/div>\n\t\t\n\t\t\t\t\t\n\t\t<div class=\"block height-100 height-sm-auto height-xs-auto grid-sm__item--order-1 grid-xs__item--order-1 flex flex--center\">\n\t\n\t\t\t\t\t\t\t<picture>\n\t\t\t\t\n\t\t\t\t\t<!-- image -->\n\t\t\t\t\t<source media=\"(min-width: 1800px)\" srcset=\"https:\/\/www.domaine-lagrange.com\/wp-content\/uploads\/4055900_V.21_1.png\">\n\t\t\t\t\t<source media=\"(min-width: 1200px)\" srcset=\"https:\/\/www.domaine-lagrange.com\/wp-content\/uploads\/4055900_V.21_1.png\">\n\t\t\t\t\t<source media=\"(min-width: 900px)\" srcset=\"https:\/\/www.domaine-lagrange.com\/wp-content\/uploads\/4055900_V.21_1.png\">\n\t\t\t\t\t<source media=\"(min-width: 600px)\" srcset=\"https:\/\/www.domaine-lagrange.com\/wp-content\/uploads\/4055900_V.21_1.png\">\n\t\t\t\t\t<img decoding=\"async\" src=\"https:\/\/www.domaine-lagrange.com\/wp-content\/uploads\/4055900_V.21_1.png\" alt=\"\" loading=\"lazy\" width=\"400\" height=\"400\">\n\t\t\t\n\t\t\t\t<\/picture>\n\t\t\t\t\t\n\t\t<\/div>\n\t\n\t<\/div>\n\t\n\t\n<\/div>\n\n\t\t\n\t<\/div>\n\t\n<\/section>\n<section id=\"section-block_9611207dd9b1d1eed228f92b7117e0e7\" class=\" has-aprico-background-color p-t-6 p-b-6 \" >\n\t\n\t<div class=\"container\">\n\t\n        \n\n<div id=\"product-crosslink-block_7b5a90e30b58915886c734cd5ce7bcfd\" class=\"block block-product-crosslink\">\n\t\n\t<div class=\"block text-center\">\n\t\t\n\t\n\t\t\t\t\t<h2>Autres gammes de produits<\/h2>\n\t\t\t\t\n\t\t\n\t\t\n\t\t\t\t\t\n\t\t\t\t\n\t\t\t<div class=\"slick-slider--block-product-crosslink m-t-2\">\t\n\t\t\t\t\n\t\t\t\t\n\t\t\t\t\t\t\t\t\n\t\t\t\t\t<div class=\"slick-slider--block-product-crosslink__slide\">\n\t\t\t\t\t\t\n\t\t\t\t\t\t<div class=\"block\">\n\t\t\t\t\t\t\n\t\t\t\t\t\t\t\n\t\t\t\t\t\t\t\t\t\t\t\t\t\t\t\t\t<div class=\"block position-absolute height-100 flex flex--top flex--center z-index-20 p-t-2\">\n\t\t\t\t\t\t\t\t\t\t<h3>Terroir<\/h3> \n\t\t\t\t\t\t\t\t\t<\/div>\n\t\t\t\t\t\t\t\t\t\t\t\t\t\t\t\n\t\t\t\t\t\t\t\t<picture class=\"block ratio-four-three z-index-10 white-bg\">\n\t\t\t\t\t\t\t\t\n\t\t\t\t\t\t\t\t\t<source media=\"(min-width: 1800px)\" srcset=\"https:\/\/www.domaine-lagrange.com\/wp-content\/uploads\/FRE-07-21_LaGrange_Website_Lay5_Bilder_Terroir.png\">\n\t\t\t\t\t\t\t\t\t<source media=\"(min-width: 1200px)\" srcset=\"https:\/\/www.domaine-lagrange.com\/wp-content\/uploads\/FRE-07-21_LaGrange_Website_Lay5_Bilder_Terroir.png\">\n\t\t\t\t\t\t\t\t\t<source media=\"(min-width: 900px)\" srcset=\"https:\/\/www.domaine-lagrange.com\/wp-content\/uploads\/FRE-07-21_LaGrange_Website_Lay5_Bilder_Terroir-1200x561.png\">\n\t\t\t\t\t\t\t\t\t<source media=\"(min-width: 600px)\" srcset=\"https:\/\/www.domaine-lagrange.com\/wp-content\/uploads\/FRE-07-21_LaGrange_Website_Lay5_Bilder_Terroir-1200x561.png\">\n\t\t\t\t\t\t\t\t\t<img decoding=\"async\" src=\"https:\/\/www.domaine-lagrange.com\/wp-content\/uploads\/FRE-07-21_LaGrange_Website_Lay5_Bilder_Terroir.png\" alt=\"\" loading=\"lazy\" width=\"400\" height=\"400\">\n\t\t\t\t\t\t\t\n\t\t\t\t\t\t\t\t<\/picture>\n\t\t\t\t\t\t\t\t\n\t\t\t\t\t\t\t<\/div>\n\t\t\t\t\t\t\t\t\n\t\t\t\t\t\t\t\n\t\t\t\t\t\t\t\t\t\t\t\t\t\t\n\t\t\t\t\t\t\t    <a class=\"button m-y-2\" href=\"\/produkte\/terroir\/\" target=\"_self\">Vers la gamme  Terroir<\/a>\n\t\t\t\t\t\t\t\n\t\t\t\t\t\t\t\t\t\t\t\t\t\n\t\t\t\t\t\t\n\t\t\t\t\t<\/div>\n\t\t\t\t\t\t\n\t\t\t\t\t\t\t\t\n\t\t\t\t\t<div class=\"slick-slider--block-product-crosslink__slide\">\n\t\t\t\t\t\t\n\t\t\t\t\t\t<div class=\"block\">\n\t\t\t\t\t\t\n\t\t\t\t\t\t\t\n\t\t\t\t\t\t\t\t\t\t\t\t\t\t\t\t\t<div class=\"block position-absolute height-100 flex flex--top flex--center z-index-20 p-t-2\">\n\t\t\t\t\t\t\t\t\t\t<h3>Tradition<\/h3> \n\t\t\t\t\t\t\t\t\t<\/div>\n\t\t\t\t\t\t\t\t\t\t\t\t\t\t\t\n\t\t\t\t\t\t\t\t<picture class=\"block ratio-four-three z-index-10 white-bg\">\n\t\t\t\t\t\t\t\t\n\t\t\t\t\t\t\t\t\t<source media=\"(min-width: 1800px)\" srcset=\"https:\/\/www.domaine-lagrange.com\/wp-content\/uploads\/FRE-07-21_LaGrange_Website_Lay5_Bilder_Tradition.png\">\n\t\t\t\t\t\t\t\t\t<source media=\"(min-width: 1200px)\" srcset=\"https:\/\/www.domaine-lagrange.com\/wp-content\/uploads\/FRE-07-21_LaGrange_Website_Lay5_Bilder_Tradition.png\">\n\t\t\t\t\t\t\t\t\t<source media=\"(min-width: 900px)\" srcset=\"https:\/\/www.domaine-lagrange.com\/wp-content\/uploads\/FRE-07-21_LaGrange_Website_Lay5_Bilder_Tradition-1200x514.png\">\n\t\t\t\t\t\t\t\t\t<source media=\"(min-width: 600px)\" srcset=\"https:\/\/www.domaine-lagrange.com\/wp-content\/uploads\/FRE-07-21_LaGrange_Website_Lay5_Bilder_Tradition-1200x514.png\">\n\t\t\t\t\t\t\t\t\t<img decoding=\"async\" src=\"https:\/\/www.domaine-lagrange.com\/wp-content\/uploads\/FRE-07-21_LaGrange_Website_Lay5_Bilder_Tradition.png\" alt=\"\" loading=\"lazy\" width=\"400\" height=\"400\">\n\t\t\t\t\t\t\t\n\t\t\t\t\t\t\t\t<\/picture>\n\t\t\t\t\t\t\t\t\n\t\t\t\t\t\t\t<\/div>\n\t\t\t\t\t\t\t\t\n\t\t\t\t\t\t\t\n\t\t\t\t\t\t\t\t\t\t\t\t\t\t\n\t\t\t\t\t\t\t    <a class=\"button m-y-2\" href=\"\/produkte\/tradition\/\" target=\"_self\">Vers la gammeTradition<\/a>\n\t\t\t\t\t\t\t\n\t\t\t\t\t\t\t\t\t\t\t\t\t\n\t\t\t\t\t\t\n\t\t\t\t\t<\/div>\n\t\t\t\t\t\t\n\t\t\t\t\t\t\t\t\n\t\t\t\t\t<div class=\"slick-slider--block-product-crosslink__slide\">\n\t\t\t\t\t\t\n\t\t\t\t\t\t<div class=\"block\">\n\t\t\t\t\t\t\n\t\t\t\t\t\t\t\n\t\t\t\t\t\t\t\t\t\t\t\t\t\t\t\t\t<div class=\"block position-absolute height-100 flex flex--top flex--center z-index-20 p-t-2\">\n\t\t\t\t\t\t\t\t\t\t<h3>Castalides<\/h3> \n\t\t\t\t\t\t\t\t\t<\/div>\n\t\t\t\t\t\t\t\t\t\t\t\t\t\t\t\n\t\t\t\t\t\t\t\t<picture class=\"block ratio-four-three z-index-10 white-bg\">\n\t\t\t\t\t\t\t\t\n\t\t\t\t\t\t\t\t\t<source media=\"(min-width: 1800px)\" srcset=\"https:\/\/www.domaine-lagrange.com\/wp-content\/uploads\/FRE-07-21_LaGrange_Website_Lay5_Bilder_Castalides-1.png\">\n\t\t\t\t\t\t\t\t\t<source media=\"(min-width: 1200px)\" srcset=\"https:\/\/www.domaine-lagrange.com\/wp-content\/uploads\/FRE-07-21_LaGrange_Website_Lay5_Bilder_Castalides-1.png\">\n\t\t\t\t\t\t\t\t\t<source media=\"(min-width: 900px)\" srcset=\"https:\/\/www.domaine-lagrange.com\/wp-content\/uploads\/FRE-07-21_LaGrange_Website_Lay5_Bilder_Castalides-1-1200x639.png\">\n\t\t\t\t\t\t\t\t\t<source media=\"(min-width: 600px)\" srcset=\"https:\/\/www.domaine-lagrange.com\/wp-content\/uploads\/FRE-07-21_LaGrange_Website_Lay5_Bilder_Castalides-1-1200x639.png\">\n\t\t\t\t\t\t\t\t\t<img decoding=\"async\" src=\"https:\/\/www.domaine-lagrange.com\/wp-content\/uploads\/FRE-07-21_LaGrange_Website_Lay5_Bilder_Castalides-1.png\" alt=\"\" loading=\"lazy\" width=\"400\" height=\"400\">\n\t\t\t\t\t\t\t\n\t\t\t\t\t\t\t\t<\/picture>\n\t\t\t\t\t\t\t\t\n\t\t\t\t\t\t\t<\/div>\n\t\t\t\t\t\t\t\t\n\t\t\t\t\t\t\t\n\t\t\t\t\t\t\t\t\t\t\t\t\t\t\n\t\t\t\t\t\t\t    <a class=\"button m-y-2\" href=\"\/produkte\/castalides\/\" target=\"_self\">Vers la gamme Castalides<\/a>\n\t\t\t\t\t\t\t\n\t\t\t\t\t\t\t\t\t\t\t\t\t\n\t\t\t\t\t\t\n\t\t\t\t\t<\/div>\n\t\t\t\t\t\t\n\t\t\t\t\t\t\t\t\n\t\t\t\t\n\t\t\t<\/div>\n\t\t\t\t\n\t\t\n\t\t\t\n\t\n\t\t\n\t\t\t\n\t<\/div>\n\t\n\t\n<\/div>\n\n\t\t\n\t<\/div>\n\t\n<\/section>","protected":false},"excerpt":{"rendered":"","protected":false},"author":1,"featured_media":0,"parent":2561,"menu_order":29,"comment_status":"closed","ping_status":"closed","template":"page-builder.php","meta":{"_acf_changed":false,"footnotes":""},"class_list":["post-2547","page","type-page","status-publish","hentry"],"acf":[],"yoast_head":"<!-- This site is optimized with the Yoast SEO plugin v27.5 - https:\/\/yoast.com\/product\/yoast-seo-wordpress\/ -->\n<title>Ros\u00e9 de Ros\u00e9 &#8211; Domaine La Grange<\/title>\n<meta name=\"robots\" content=\"index, follow, max-snippet:-1, max-image-preview:large, max-video-preview:-1\" \/>\n<link rel=\"canonical\" href=\"https:\/\/www.domaine-lagrange.com\/fr\/rose-de-rose\/\" \/>\n<meta property=\"og:locale\" content=\"fr_FR\" \/>\n<meta property=\"og:type\" content=\"article\" \/>\n<meta property=\"og:title\" content=\"Ros\u00e9 de Ros\u00e9 &#8211; Domaine La Grange\" \/>\n<meta property=\"og:url\" content=\"https:\/\/www.domaine-lagrange.com\/fr\/rose-de-rose\/\" \/>\n<meta property=\"og:site_name\" content=\"Domaine La Grange\" \/>\n<meta name=\"twitter:card\" content=\"summary_large_image\" \/>\n<script type=\"application\/ld+json\" class=\"yoast-schema-graph\">{\"@context\":\"https:\\\/\\\/schema.org\",\"@graph\":[{\"@type\":\"WebPage\",\"@id\":\"https:\\\/\\\/www.domaine-lagrange.com\\\/fr\\\/rose-de-rose\\\/\",\"url\":\"https:\\\/\\\/www.domaine-lagrange.com\\\/fr\\\/rose-de-rose\\\/\",\"name\":\"Ros\u00e9 de Ros\u00e9 &#8211; Domaine La Grange\",\"isPartOf\":{\"@id\":\"https:\\\/\\\/www.domaine-lagrange.com\\\/fr\\\/#website\"},\"datePublished\":\"2024-01-22T12:38:01+00:00\",\"breadcrumb\":{\"@id\":\"https:\\\/\\\/www.domaine-lagrange.com\\\/fr\\\/rose-de-rose\\\/#breadcrumb\"},\"inLanguage\":\"fr-FR\",\"potentialAction\":[{\"@type\":\"ReadAction\",\"target\":[\"https:\\\/\\\/www.domaine-lagrange.com\\\/fr\\\/rose-de-rose\\\/\"]}]},{\"@type\":\"BreadcrumbList\",\"@id\":\"https:\\\/\\\/www.domaine-lagrange.com\\\/fr\\\/rose-de-rose\\\/#breadcrumb\",\"itemListElement\":[{\"@type\":\"ListItem\",\"position\":1,\"name\":\"Startseite\",\"item\":\"https:\\\/\\\/www.domaine-lagrange.com\\\/fr\\\/\"},{\"@type\":\"ListItem\",\"position\":2,\"name\":\"Ros\u00e9 de Ros\u00e9\"}]},{\"@type\":\"WebSite\",\"@id\":\"https:\\\/\\\/www.domaine-lagrange.com\\\/fr\\\/#website\",\"url\":\"https:\\\/\\\/www.domaine-lagrange.com\\\/fr\\\/\",\"name\":\"Domaine La Grange\",\"description\":\"Dem Paradies so nah\",\"publisher\":{\"@id\":\"https:\\\/\\\/www.domaine-lagrange.com\\\/fr\\\/#organization\"},\"potentialAction\":[{\"@type\":\"SearchAction\",\"target\":{\"@type\":\"EntryPoint\",\"urlTemplate\":\"https:\\\/\\\/www.domaine-lagrange.com\\\/fr\\\/?s={search_term_string}\"},\"query-input\":{\"@type\":\"PropertyValueSpecification\",\"valueRequired\":true,\"valueName\":\"search_term_string\"}}],\"inLanguage\":\"fr-FR\"},{\"@type\":\"Organization\",\"@id\":\"https:\\\/\\\/www.domaine-lagrange.com\\\/fr\\\/#organization\",\"name\":\"Domaine La Grange\",\"url\":\"https:\\\/\\\/www.domaine-lagrange.com\\\/fr\\\/\",\"logo\":{\"@type\":\"ImageObject\",\"inLanguage\":\"fr-FR\",\"@id\":\"https:\\\/\\\/www.domaine-lagrange.com\\\/fr\\\/#\\\/schema\\\/logo\\\/image\\\/\",\"url\":\"https:\\\/\\\/www.domaine-lagrange.com\\\/wp-content\\\/uploads\\\/Logo_LaGrange.svg\",\"contentUrl\":\"https:\\\/\\\/www.domaine-lagrange.com\\\/wp-content\\\/uploads\\\/Logo_LaGrange.svg\",\"width\":1,\"height\":1,\"caption\":\"Domaine La Grange\"},\"image\":{\"@id\":\"https:\\\/\\\/www.domaine-lagrange.com\\\/fr\\\/#\\\/schema\\\/logo\\\/image\\\/\"}}]}<\/script>\n<!-- \/ Yoast SEO plugin. -->","yoast_head_json":{"title":"Ros\u00e9 de Ros\u00e9 &#8211; Domaine La Grange","robots":{"index":"index","follow":"follow","max-snippet":"max-snippet:-1","max-image-preview":"max-image-preview:large","max-video-preview":"max-video-preview:-1"},"canonical":"https:\/\/www.domaine-lagrange.com\/fr\/rose-de-rose\/","og_locale":"fr_FR","og_type":"article","og_title":"Ros\u00e9 de Ros\u00e9 &#8211; Domaine La Grange","og_url":"https:\/\/www.domaine-lagrange.com\/fr\/rose-de-rose\/","og_site_name":"Domaine La Grange","twitter_card":"summary_large_image","schema":{"@context":"https:\/\/schema.org","@graph":[{"@type":"WebPage","@id":"https:\/\/www.domaine-lagrange.com\/fr\/rose-de-rose\/","url":"https:\/\/www.domaine-lagrange.com\/fr\/rose-de-rose\/","name":"Ros\u00e9 de Ros\u00e9 &#8211; Domaine La Grange","isPartOf":{"@id":"https:\/\/www.domaine-lagrange.com\/fr\/#website"},"datePublished":"2024-01-22T12:38:01+00:00","breadcrumb":{"@id":"https:\/\/www.domaine-lagrange.com\/fr\/rose-de-rose\/#breadcrumb"},"inLanguage":"fr-FR","potentialAction":[{"@type":"ReadAction","target":["https:\/\/www.domaine-lagrange.com\/fr\/rose-de-rose\/"]}]},{"@type":"BreadcrumbList","@id":"https:\/\/www.domaine-lagrange.com\/fr\/rose-de-rose\/#breadcrumb","itemListElement":[{"@type":"ListItem","position":1,"name":"Startseite","item":"https:\/\/www.domaine-lagrange.com\/fr\/"},{"@type":"ListItem","position":2,"name":"Ros\u00e9 de Ros\u00e9"}]},{"@type":"WebSite","@id":"https:\/\/www.domaine-lagrange.com\/fr\/#website","url":"https:\/\/www.domaine-lagrange.com\/fr\/","name":"Domaine La Grange","description":"Dem Paradies so nah","publisher":{"@id":"https:\/\/www.domaine-lagrange.com\/fr\/#organization"},"potentialAction":[{"@type":"SearchAction","target":{"@type":"EntryPoint","urlTemplate":"https:\/\/www.domaine-lagrange.com\/fr\/?s={search_term_string}"},"query-input":{"@type":"PropertyValueSpecification","valueRequired":true,"valueName":"search_term_string"}}],"inLanguage":"fr-FR"},{"@type":"Organization","@id":"https:\/\/www.domaine-lagrange.com\/fr\/#organization","name":"Domaine La Grange","url":"https:\/\/www.domaine-lagrange.com\/fr\/","logo":{"@type":"ImageObject","inLanguage":"fr-FR","@id":"https:\/\/www.domaine-lagrange.com\/fr\/#\/schema\/logo\/image\/","url":"https:\/\/www.domaine-lagrange.com\/wp-content\/uploads\/Logo_LaGrange.svg","contentUrl":"https:\/\/www.domaine-lagrange.com\/wp-content\/uploads\/Logo_LaGrange.svg","width":1,"height":1,"caption":"Domaine La Grange"},"image":{"@id":"https:\/\/www.domaine-lagrange.com\/fr\/#\/schema\/logo\/image\/"}}]}},"_links":{"self":[{"href":"https:\/\/www.domaine-lagrange.com\/fr\/wp-json\/wp\/v2\/pages\/2547","targetHints":{"allow":["GET"]}}],"collection":[{"href":"https:\/\/www.domaine-lagrange.com\/fr\/wp-json\/wp\/v2\/pages"}],"about":[{"href":"https:\/\/www.domaine-lagrange.com\/fr\/wp-json\/wp\/v2\/types\/page"}],"author":[{"embeddable":true,"href":"https:\/\/www.domaine-lagrange.com\/fr\/wp-json\/wp\/v2\/users\/1"}],"replies":[{"embeddable":true,"href":"https:\/\/www.domaine-lagrange.com\/fr\/wp-json\/wp\/v2\/comments?post=2547"}],"version-history":[{"count":0,"href":"https:\/\/www.domaine-lagrange.com\/fr\/wp-json\/wp\/v2\/pages\/2547\/revisions"}],"up":[{"embeddable":true,"href":"https:\/\/www.domaine-lagrange.com\/fr\/wp-json\/wp\/v2\/pages\/2561"}],"wp:attachment":[{"href":"https:\/\/www.domaine-lagrange.com\/fr\/wp-json\/wp\/v2\/media?parent=2547"}],"curies":[{"name":"wp","href":"https:\/\/api.w.org\/{rel}","templated":true}]}}