{"id":2545,"date":"2024-01-22T13:17:57","date_gmt":"2024-01-22T12:17:57","guid":{"rendered":"https:\/\/www.domaine-lagrange.com\/carignan-zero\/"},"modified":"2024-01-22T13:17:57","modified_gmt":"2024-01-22T12:17:57","slug":"carignan-zero","status":"publish","type":"page","link":"https:\/\/www.domaine-lagrange.com\/fr\/produits\/carignan-zero\/","title":{"rendered":"Carignan Zero"},"content":{"rendered":"\n<section id=\"section-block_da5b9801864af97a52c50e8e2f9604a9\" class=\" has-lightaprico-background-color p-t-7 p-b-7 \" >\n\t\n\t<div class=\"container\">\n\t\n        \n\n<div id=\"product-block_0a37f8f32176f7d43bb5e2b0d358f010\" class=\"block block-product\">\n\t\n\t<div class=\"block grid grid--col-2 grid-sm--col-1\">\n\t\t\n\t\t<div class=\"block height-100 height-sm-auto height-xs-auto p-t-4 grid-sm__item--order-2 grid-xs__item--order-2\">\n\t\t\n\t\t\t\n\t\t\t\t\t\t\t<h2>Carignan Zero<\/h2>\n\t\t\t\t\t\n\t\t\t\t\t\t\t<div class=\"text-size-m\">\n\t\t\t\t\t<p>Le jus du c\u00e9page carignan est mis en bouteille avant m\u00eame la fermentation, cr\u00e9ant ainsi une explosions de fruits frais au palais. Le Carignan Zero \u00e9veille d&#8217;embl\u00e9e tous les sens et donne une id\u00e9e  de ce qu\u2019est la base d\u2019un grand vin! <\/p>\n\t\t\t\t<\/div>\n\t\t\t\t\t\t\n\t\t\t\n\t\t\t<div class=\"product-collapse\">\n\t\t\t\n\t\t\t\t\n\t\t\t\t\t\t\t\t\n\t\t\t\t\t<ul class=\"product-list\">\n\t\t\t\t\t\t\n\t\t\t\t\t\t\t\t\t\t\t\t\t\t\t\t\t\t\n\t\t\t\t\t\t\t<li>\n\t\t\t\t\t\t\t\t<div>C\u00e9page<\/div> \n\t\t\t\t\t\t\t<\/li>\n\t\t\t\t\t\t\t\n\t\t\t\t\t\t\t<li>\n\t\t\t\t\t\t\t\t<div style=\"line-height:1.6;\">Carignan<\/div> \n\t\t\t\t\t\t\t<\/li>\n\t\t\t\t\t\t\t\n\t\t\t\t\t\t\t\t\n\t\t\t\t\t\t\t\t\t\t\t\t\t\t\t\t\t\t\n\t\t\t\t\t\t\t<li>\n\t\t\t\t\t\t\t\t<div>Couleur<\/div> \n\t\t\t\t\t\t\t<\/li>\n\t\t\t\t\t\t\t\n\t\t\t\t\t\t\t<li>\n\t\t\t\t\t\t\t\t<div style=\"line-height:1.6;\">bleu profond violet<\/div> \n\t\t\t\t\t\t\t<\/li>\n\t\t\t\t\t\t\t\n\t\t\t\t\t\t\t\t\n\t\t\t\t\t\t\t\t\t\t\t\t\t\t\t\t\t\t\n\t\t\t\t\t\t\t<li>\n\t\t\t\t\t\t\t\t<div>Unit\u00e9 de livraison<\/div> \n\t\t\t\t\t\t\t<\/li>\n\t\t\t\t\t\t\t\n\t\t\t\t\t\t\t<li>\n\t\t\t\t\t\t\t\t<div style=\"line-height:1.6;\">6 bouteilles de 0,75 litre<\/div> \n\t\t\t\t\t\t\t<\/li>\n\t\t\t\t\t\t\t\n\t\t\t\t\t\t\t\t\n\t\t\t\t\t\t\t\t\t\t\t\t\t\t\t\t\t\t\n\t\t\t\t\t\t\t<li>\n\t\t\t\t\t\t\t\t<div>Dur\u00e9e de conservation<\/div> \n\t\t\t\t\t\t\t<\/li>\n\t\t\t\t\t\t\t\n\t\t\t\t\t\t\t<li>\n\t\t\t\t\t\t\t\t<div style=\"line-height:1.6;\">1 an<\/div> \n\t\t\t\t\t\t\t<\/li>\n\t\t\t\t\t\t\t\n\t\t\t\t\t\t\t\t\n\t\t\t\t\t\t\t\t\t\t\t\t\t\t\t\t\t\t\n\t\t\t\t\t\t\t<li>\n\t\t\t\t\t\t\t\t<div>Teneur en alcool<\/div> \n\t\t\t\t\t\t\t<\/li>\n\t\t\t\t\t\t\t\n\t\t\t\t\t\t\t<li>\n\t\t\t\t\t\t\t\t<div style=\"line-height:1.6;\">0 % <\/div> \n\t\t\t\t\t\t\t<\/li>\n\t\t\t\t\t\t\t\n\t\t\t\t\t\t\t\t\n\t\t\t\t\t\t\t\t\t\t\t\t\t\t\t\t\t\t\n\t\t\t\t\t\t\t<li>\n\t\t\t\t\t\t\t\t<div>Sucre r\u00e9siduel<\/div> \n\t\t\t\t\t\t\t<\/li>\n\t\t\t\t\t\t\t\n\t\t\t\t\t\t\t<li>\n\t\t\t\t\t\t\t\t<div style=\"line-height:1.6;\">ca. 195g\/l<\/div> \n\t\t\t\t\t\t\t<\/li>\n\t\t\t\t\t\t\t\n\t\t\t\t\t\t\t\t\n\t\t\t\t\t\t\t\t\t\t\t\t\t\t\t\t\t\t\n\t\t\t\t\t\t\t<li>\n\t\t\t\t\t\t\t\t<div>Conditionnement<\/div> \n\t\t\t\t\t\t\t<\/li>\n\t\t\t\t\t\t\t\n\t\t\t\t\t\t\t<li>\n\t\t\t\t\t\t\t\t<div style=\"line-height:1.6;\">0,75 Liter<\/div> \n\t\t\t\t\t\t\t<\/li>\n\t\t\t\t\t\t\t\n\t\t\t\t\t\t\t\t\n\t\t\t\t\t\t\t\t\t\t\t\t\n\t\t\t\t\t<\/ul>\n\t\t\t\t\n\t\t\t\t\t\n\t\t\t\t\n\t\t\t\t\n\t\t\t\t\t\t\t\t\n\t\t\t\t\t\t\t\t\n\t\t\t\t\t\t\t\t\n\t\t\t\t\n\t\t\t<\/div>\n\t\t\t\t\t\t\n\t\t\t\n\t\t<\/div>\n\t\t\n\t\t\t\t\t\n\t\t<div class=\"block height-100 height-sm-auto height-xs-auto grid-sm__item--order-1 grid-xs__item--order-1 flex flex--center\">\n\t\n\t\t\t\t\t\t\t<picture>\n\t\t\t\t\n\t\t\t\t\t<!-- image -->\n\t\t\t\t\t<source media=\"(min-width: 1800px)\" srcset=\"https:\/\/www.domaine-lagrange.com\/wp-content\/uploads\/4055950_1.png\">\n\t\t\t\t\t<source media=\"(min-width: 1200px)\" srcset=\"https:\/\/www.domaine-lagrange.com\/wp-content\/uploads\/4055950_1.png\">\n\t\t\t\t\t<source media=\"(min-width: 900px)\" srcset=\"https:\/\/www.domaine-lagrange.com\/wp-content\/uploads\/4055950_1.png\">\n\t\t\t\t\t<source media=\"(min-width: 600px)\" srcset=\"https:\/\/www.domaine-lagrange.com\/wp-content\/uploads\/4055950_1.png\">\n\t\t\t\t\t<img decoding=\"async\" src=\"https:\/\/www.domaine-lagrange.com\/wp-content\/uploads\/4055950_1.png\" alt=\"\" loading=\"lazy\" width=\"400\" height=\"400\">\n\t\t\t\n\t\t\t\t<\/picture>\n\t\t\t\t\t\n\t\t<\/div>\n\t\n\t<\/div>\n\t\n\t\n<\/div>\n\n\t\t\n\t<\/div>\n\t\n<\/section>\n<section id=\"section-block_25ea651eb26933399369bf9fd1b18065\" class=\" has-aprico-background-color p-t-6 p-b-6 \" >\n\t\n\t<div class=\"container\">\n\t\n        \n\n<div id=\"product-crosslink-block_4547b4bbdd2e0d1ee515a28aee1616e2\" class=\"block block-product-crosslink\">\n\t\n\t<div class=\"block text-center\">\n\t\t\n\t\n\t\t\t\t\t<h2>Autres gammes de produits<\/h2>\n\t\t\t\t\n\t\t\n\t\t\n\t\t\t\t\t\n\t\t\t\t\n\t\t\t<div class=\"slick-slider--block-product-crosslink m-t-2\">\t\n\t\t\t\t\n\t\t\t\t\n\t\t\t\t\t\t\t\t\n\t\t\t\t\t<div class=\"slick-slider--block-product-crosslink__slide\">\n\t\t\t\t\t\t\n\t\t\t\t\t\t<div class=\"block\">\n\t\t\t\t\t\t\n\t\t\t\t\t\t\t\n\t\t\t\t\t\t\t\t\t\t\t\t\t\t\t\t\t<div class=\"block position-absolute height-100 flex flex--top flex--center z-index-20 p-t-2\">\n\t\t\t\t\t\t\t\t\t\t<h3>Terroir<\/h3> \n\t\t\t\t\t\t\t\t\t<\/div>\n\t\t\t\t\t\t\t\t\t\t\t\t\t\t\t\n\t\t\t\t\t\t\t\t<picture class=\"block ratio-four-three z-index-10 white-bg\">\n\t\t\t\t\t\t\t\t\n\t\t\t\t\t\t\t\t\t<source media=\"(min-width: 1800px)\" srcset=\"https:\/\/www.domaine-lagrange.com\/wp-content\/uploads\/FRE-07-21_LaGrange_Website_Lay5_Bilder_Terroir.png\">\n\t\t\t\t\t\t\t\t\t<source media=\"(min-width: 1200px)\" srcset=\"https:\/\/www.domaine-lagrange.com\/wp-content\/uploads\/FRE-07-21_LaGrange_Website_Lay5_Bilder_Terroir.png\">\n\t\t\t\t\t\t\t\t\t<source media=\"(min-width: 900px)\" srcset=\"https:\/\/www.domaine-lagrange.com\/wp-content\/uploads\/FRE-07-21_LaGrange_Website_Lay5_Bilder_Terroir-1200x561.png\">\n\t\t\t\t\t\t\t\t\t<source media=\"(min-width: 600px)\" srcset=\"https:\/\/www.domaine-lagrange.com\/wp-content\/uploads\/FRE-07-21_LaGrange_Website_Lay5_Bilder_Terroir-1200x561.png\">\n\t\t\t\t\t\t\t\t\t<img decoding=\"async\" src=\"https:\/\/www.domaine-lagrange.com\/wp-content\/uploads\/FRE-07-21_LaGrange_Website_Lay5_Bilder_Terroir.png\" alt=\"\" loading=\"lazy\" width=\"400\" height=\"400\">\n\t\t\t\t\t\t\t\n\t\t\t\t\t\t\t\t<\/picture>\n\t\t\t\t\t\t\t\t\n\t\t\t\t\t\t\t<\/div>\n\t\t\t\t\t\t\t\t\n\t\t\t\t\t\t\t\n\t\t\t\t\t\t\t\t\t\t\t\t\t\t\n\t\t\t\t\t\t\t    <a class=\"button m-y-2\" href=\"\/produkte\/terroir\/\" target=\"_self\">Vers la gamme  Terroir<\/a>\n\t\t\t\t\t\t\t\n\t\t\t\t\t\t\t\t\t\t\t\t\t\n\t\t\t\t\t\t\n\t\t\t\t\t<\/div>\n\t\t\t\t\t\t\n\t\t\t\t\t\t\t\t\n\t\t\t\t\t<div class=\"slick-slider--block-product-crosslink__slide\">\n\t\t\t\t\t\t\n\t\t\t\t\t\t<div class=\"block\">\n\t\t\t\t\t\t\n\t\t\t\t\t\t\t\n\t\t\t\t\t\t\t\t\t\t\t\t\t\t\t\t\t<div class=\"block position-absolute height-100 flex flex--top flex--center z-index-20 p-t-2\">\n\t\t\t\t\t\t\t\t\t\t<h3>Tradition<\/h3> \n\t\t\t\t\t\t\t\t\t<\/div>\n\t\t\t\t\t\t\t\t\t\t\t\t\t\t\t\n\t\t\t\t\t\t\t\t<picture class=\"block ratio-four-three z-index-10 white-bg\">\n\t\t\t\t\t\t\t\t\n\t\t\t\t\t\t\t\t\t<source media=\"(min-width: 1800px)\" srcset=\"https:\/\/www.domaine-lagrange.com\/wp-content\/uploads\/FRE-07-21_LaGrange_Website_Lay5_Bilder_Tradition.png\">\n\t\t\t\t\t\t\t\t\t<source media=\"(min-width: 1200px)\" srcset=\"https:\/\/www.domaine-lagrange.com\/wp-content\/uploads\/FRE-07-21_LaGrange_Website_Lay5_Bilder_Tradition.png\">\n\t\t\t\t\t\t\t\t\t<source media=\"(min-width: 900px)\" srcset=\"https:\/\/www.domaine-lagrange.com\/wp-content\/uploads\/FRE-07-21_LaGrange_Website_Lay5_Bilder_Tradition-1200x514.png\">\n\t\t\t\t\t\t\t\t\t<source media=\"(min-width: 600px)\" srcset=\"https:\/\/www.domaine-lagrange.com\/wp-content\/uploads\/FRE-07-21_LaGrange_Website_Lay5_Bilder_Tradition-1200x514.png\">\n\t\t\t\t\t\t\t\t\t<img decoding=\"async\" src=\"https:\/\/www.domaine-lagrange.com\/wp-content\/uploads\/FRE-07-21_LaGrange_Website_Lay5_Bilder_Tradition.png\" alt=\"\" loading=\"lazy\" width=\"400\" height=\"400\">\n\t\t\t\t\t\t\t\n\t\t\t\t\t\t\t\t<\/picture>\n\t\t\t\t\t\t\t\t\n\t\t\t\t\t\t\t<\/div>\n\t\t\t\t\t\t\t\t\n\t\t\t\t\t\t\t\n\t\t\t\t\t\t\t\t\t\t\t\t\t\t\n\t\t\t\t\t\t\t    <a class=\"button m-y-2\" href=\"\/produkte\/tradition\/\" target=\"_self\">Vers la gammeTradition<\/a>\n\t\t\t\t\t\t\t\n\t\t\t\t\t\t\t\t\t\t\t\t\t\n\t\t\t\t\t\t\n\t\t\t\t\t<\/div>\n\t\t\t\t\t\t\n\t\t\t\t\t\t\t\t\n\t\t\t\t\t<div class=\"slick-slider--block-product-crosslink__slide\">\n\t\t\t\t\t\t\n\t\t\t\t\t\t<div class=\"block\">\n\t\t\t\t\t\t\n\t\t\t\t\t\t\t\n\t\t\t\t\t\t\t\t\t\t\t\t\t\t\t\t\t<div class=\"block position-absolute height-100 flex flex--top flex--center z-index-20 p-t-2\">\n\t\t\t\t\t\t\t\t\t\t<h3>Castalides<\/h3> \n\t\t\t\t\t\t\t\t\t<\/div>\n\t\t\t\t\t\t\t\t\t\t\t\t\t\t\t\n\t\t\t\t\t\t\t\t<picture class=\"block ratio-four-three z-index-10 white-bg\">\n\t\t\t\t\t\t\t\t\n\t\t\t\t\t\t\t\t\t<source media=\"(min-width: 1800px)\" srcset=\"https:\/\/www.domaine-lagrange.com\/wp-content\/uploads\/FRE-07-21_LaGrange_Website_Lay5_Bilder_Castalides-1.png\">\n\t\t\t\t\t\t\t\t\t<source media=\"(min-width: 1200px)\" srcset=\"https:\/\/www.domaine-lagrange.com\/wp-content\/uploads\/FRE-07-21_LaGrange_Website_Lay5_Bilder_Castalides-1.png\">\n\t\t\t\t\t\t\t\t\t<source media=\"(min-width: 900px)\" srcset=\"https:\/\/www.domaine-lagrange.com\/wp-content\/uploads\/FRE-07-21_LaGrange_Website_Lay5_Bilder_Castalides-1-1200x639.png\">\n\t\t\t\t\t\t\t\t\t<source media=\"(min-width: 600px)\" srcset=\"https:\/\/www.domaine-lagrange.com\/wp-content\/uploads\/FRE-07-21_LaGrange_Website_Lay5_Bilder_Castalides-1-1200x639.png\">\n\t\t\t\t\t\t\t\t\t<img decoding=\"async\" src=\"https:\/\/www.domaine-lagrange.com\/wp-content\/uploads\/FRE-07-21_LaGrange_Website_Lay5_Bilder_Castalides-1.png\" alt=\"\" loading=\"lazy\" width=\"400\" height=\"400\">\n\t\t\t\t\t\t\t\n\t\t\t\t\t\t\t\t<\/picture>\n\t\t\t\t\t\t\t\t\n\t\t\t\t\t\t\t<\/div>\n\t\t\t\t\t\t\t\t\n\t\t\t\t\t\t\t\n\t\t\t\t\t\t\t\t\t\t\t\t\t\t\n\t\t\t\t\t\t\t    <a class=\"button m-y-2\" href=\"\/produkte\/castalides\/\" target=\"_self\">Vers la gamme Castalides<\/a>\n\t\t\t\t\t\t\t\n\t\t\t\t\t\t\t\t\t\t\t\t\t\n\t\t\t\t\t\t\n\t\t\t\t\t<\/div>\n\t\t\t\t\t\t\n\t\t\t\t\t\t\t\t\n\t\t\t\t\n\t\t\t<\/div>\n\t\t\t\t\n\t\t\n\t\t\t\n\t\n\t\t\n\t\t\t\n\t<\/div>\n\t\n\t\n<\/div>\n\n\t\t\n\t<\/div>\n\t\n<\/section>","protected":false},"excerpt":{"rendered":"","protected":false},"author":1,"featured_media":0,"parent":2561,"menu_order":32,"comment_status":"closed","ping_status":"closed","template":"page-builder.php","meta":{"_acf_changed":false,"footnotes":""},"class_list":["post-2545","page","type-page","status-publish","hentry"],"acf":[],"yoast_head":"<!-- This site is optimized with the Yoast SEO plugin v27.5 - https:\/\/yoast.com\/product\/yoast-seo-wordpress\/ -->\n<title>Carignan Zero &#8211; Domaine La Grange<\/title>\n<meta name=\"robots\" content=\"index, follow, max-snippet:-1, max-image-preview:large, max-video-preview:-1\" \/>\n<link rel=\"canonical\" href=\"https:\/\/www.domaine-lagrange.com\/fr\/carignan-zero\/\" \/>\n<meta property=\"og:locale\" content=\"fr_FR\" \/>\n<meta property=\"og:type\" content=\"article\" \/>\n<meta property=\"og:title\" content=\"Carignan Zero &#8211; Domaine La Grange\" \/>\n<meta property=\"og:url\" content=\"https:\/\/www.domaine-lagrange.com\/fr\/carignan-zero\/\" \/>\n<meta property=\"og:site_name\" content=\"Domaine La Grange\" \/>\n<meta name=\"twitter:card\" content=\"summary_large_image\" \/>\n<script type=\"application\/ld+json\" class=\"yoast-schema-graph\">{\"@context\":\"https:\\\/\\\/schema.org\",\"@graph\":[{\"@type\":\"WebPage\",\"@id\":\"https:\\\/\\\/www.domaine-lagrange.com\\\/fr\\\/carignan-zero\\\/\",\"url\":\"https:\\\/\\\/www.domaine-lagrange.com\\\/fr\\\/carignan-zero\\\/\",\"name\":\"Carignan Zero &#8211; Domaine La Grange\",\"isPartOf\":{\"@id\":\"https:\\\/\\\/www.domaine-lagrange.com\\\/fr\\\/#website\"},\"datePublished\":\"2024-01-22T12:17:57+00:00\",\"breadcrumb\":{\"@id\":\"https:\\\/\\\/www.domaine-lagrange.com\\\/fr\\\/carignan-zero\\\/#breadcrumb\"},\"inLanguage\":\"fr-FR\",\"potentialAction\":[{\"@type\":\"ReadAction\",\"target\":[\"https:\\\/\\\/www.domaine-lagrange.com\\\/fr\\\/carignan-zero\\\/\"]}]},{\"@type\":\"BreadcrumbList\",\"@id\":\"https:\\\/\\\/www.domaine-lagrange.com\\\/fr\\\/carignan-zero\\\/#breadcrumb\",\"itemListElement\":[{\"@type\":\"ListItem\",\"position\":1,\"name\":\"Startseite\",\"item\":\"https:\\\/\\\/www.domaine-lagrange.com\\\/fr\\\/\"},{\"@type\":\"ListItem\",\"position\":2,\"name\":\"Carignan Zero\"}]},{\"@type\":\"WebSite\",\"@id\":\"https:\\\/\\\/www.domaine-lagrange.com\\\/fr\\\/#website\",\"url\":\"https:\\\/\\\/www.domaine-lagrange.com\\\/fr\\\/\",\"name\":\"Domaine La Grange\",\"description\":\"Dem Paradies so nah\",\"publisher\":{\"@id\":\"https:\\\/\\\/www.domaine-lagrange.com\\\/fr\\\/#organization\"},\"potentialAction\":[{\"@type\":\"SearchAction\",\"target\":{\"@type\":\"EntryPoint\",\"urlTemplate\":\"https:\\\/\\\/www.domaine-lagrange.com\\\/fr\\\/?s={search_term_string}\"},\"query-input\":{\"@type\":\"PropertyValueSpecification\",\"valueRequired\":true,\"valueName\":\"search_term_string\"}}],\"inLanguage\":\"fr-FR\"},{\"@type\":\"Organization\",\"@id\":\"https:\\\/\\\/www.domaine-lagrange.com\\\/fr\\\/#organization\",\"name\":\"Domaine La Grange\",\"url\":\"https:\\\/\\\/www.domaine-lagrange.com\\\/fr\\\/\",\"logo\":{\"@type\":\"ImageObject\",\"inLanguage\":\"fr-FR\",\"@id\":\"https:\\\/\\\/www.domaine-lagrange.com\\\/fr\\\/#\\\/schema\\\/logo\\\/image\\\/\",\"url\":\"https:\\\/\\\/www.domaine-lagrange.com\\\/wp-content\\\/uploads\\\/Logo_LaGrange.svg\",\"contentUrl\":\"https:\\\/\\\/www.domaine-lagrange.com\\\/wp-content\\\/uploads\\\/Logo_LaGrange.svg\",\"width\":1,\"height\":1,\"caption\":\"Domaine La Grange\"},\"image\":{\"@id\":\"https:\\\/\\\/www.domaine-lagrange.com\\\/fr\\\/#\\\/schema\\\/logo\\\/image\\\/\"}}]}<\/script>\n<!-- \/ Yoast SEO plugin. -->","yoast_head_json":{"title":"Carignan Zero &#8211; Domaine La Grange","robots":{"index":"index","follow":"follow","max-snippet":"max-snippet:-1","max-image-preview":"max-image-preview:large","max-video-preview":"max-video-preview:-1"},"canonical":"https:\/\/www.domaine-lagrange.com\/fr\/carignan-zero\/","og_locale":"fr_FR","og_type":"article","og_title":"Carignan Zero &#8211; Domaine La Grange","og_url":"https:\/\/www.domaine-lagrange.com\/fr\/carignan-zero\/","og_site_name":"Domaine La Grange","twitter_card":"summary_large_image","schema":{"@context":"https:\/\/schema.org","@graph":[{"@type":"WebPage","@id":"https:\/\/www.domaine-lagrange.com\/fr\/carignan-zero\/","url":"https:\/\/www.domaine-lagrange.com\/fr\/carignan-zero\/","name":"Carignan Zero &#8211; Domaine La Grange","isPartOf":{"@id":"https:\/\/www.domaine-lagrange.com\/fr\/#website"},"datePublished":"2024-01-22T12:17:57+00:00","breadcrumb":{"@id":"https:\/\/www.domaine-lagrange.com\/fr\/carignan-zero\/#breadcrumb"},"inLanguage":"fr-FR","potentialAction":[{"@type":"ReadAction","target":["https:\/\/www.domaine-lagrange.com\/fr\/carignan-zero\/"]}]},{"@type":"BreadcrumbList","@id":"https:\/\/www.domaine-lagrange.com\/fr\/carignan-zero\/#breadcrumb","itemListElement":[{"@type":"ListItem","position":1,"name":"Startseite","item":"https:\/\/www.domaine-lagrange.com\/fr\/"},{"@type":"ListItem","position":2,"name":"Carignan Zero"}]},{"@type":"WebSite","@id":"https:\/\/www.domaine-lagrange.com\/fr\/#website","url":"https:\/\/www.domaine-lagrange.com\/fr\/","name":"Domaine La Grange","description":"Dem Paradies so nah","publisher":{"@id":"https:\/\/www.domaine-lagrange.com\/fr\/#organization"},"potentialAction":[{"@type":"SearchAction","target":{"@type":"EntryPoint","urlTemplate":"https:\/\/www.domaine-lagrange.com\/fr\/?s={search_term_string}"},"query-input":{"@type":"PropertyValueSpecification","valueRequired":true,"valueName":"search_term_string"}}],"inLanguage":"fr-FR"},{"@type":"Organization","@id":"https:\/\/www.domaine-lagrange.com\/fr\/#organization","name":"Domaine La Grange","url":"https:\/\/www.domaine-lagrange.com\/fr\/","logo":{"@type":"ImageObject","inLanguage":"fr-FR","@id":"https:\/\/www.domaine-lagrange.com\/fr\/#\/schema\/logo\/image\/","url":"https:\/\/www.domaine-lagrange.com\/wp-content\/uploads\/Logo_LaGrange.svg","contentUrl":"https:\/\/www.domaine-lagrange.com\/wp-content\/uploads\/Logo_LaGrange.svg","width":1,"height":1,"caption":"Domaine La Grange"},"image":{"@id":"https:\/\/www.domaine-lagrange.com\/fr\/#\/schema\/logo\/image\/"}}]}},"_links":{"self":[{"href":"https:\/\/www.domaine-lagrange.com\/fr\/wp-json\/wp\/v2\/pages\/2545","targetHints":{"allow":["GET"]}}],"collection":[{"href":"https:\/\/www.domaine-lagrange.com\/fr\/wp-json\/wp\/v2\/pages"}],"about":[{"href":"https:\/\/www.domaine-lagrange.com\/fr\/wp-json\/wp\/v2\/types\/page"}],"author":[{"embeddable":true,"href":"https:\/\/www.domaine-lagrange.com\/fr\/wp-json\/wp\/v2\/users\/1"}],"replies":[{"embeddable":true,"href":"https:\/\/www.domaine-lagrange.com\/fr\/wp-json\/wp\/v2\/comments?post=2545"}],"version-history":[{"count":0,"href":"https:\/\/www.domaine-lagrange.com\/fr\/wp-json\/wp\/v2\/pages\/2545\/revisions"}],"up":[{"embeddable":true,"href":"https:\/\/www.domaine-lagrange.com\/fr\/wp-json\/wp\/v2\/pages\/2561"}],"wp:attachment":[{"href":"https:\/\/www.domaine-lagrange.com\/fr\/wp-json\/wp\/v2\/media?parent=2545"}],"curies":[{"name":"wp","href":"https:\/\/api.w.org\/{rel}","templated":true}]}}