{"id":2039,"date":"2023-05-17T12:37:17","date_gmt":"2023-05-17T10:37:17","guid":{"rendered":"https:\/\/www.domaine-lagrange.com\/products\/native-olive-oils-extra\/"},"modified":"2023-05-17T12:37:17","modified_gmt":"2023-05-17T10:37:17","slug":"native-olive-oils-extra","status":"publish","type":"page","link":"https:\/\/www.domaine-lagrange.com\/en\/products\/native-olive-oils-extra\/","title":{"rendered":"Native olive oils extra"},"content":{"rendered":"\n<section id=\"section-block_b13d1cf79492b7682f88f242ab2b01a2\" class=\" has-lightaprico-background-color p-t-7 p-b-7 \" >\n\t\n\t<div class=\"container\">\n\t\n        \n\n<div id=\"product-block_5267a70a128d6aeb131b94ad87b6bd69\" class=\"block block-product\">\n\t\n\t<div class=\"block grid grid--col-2 grid-sm--col-1\">\n\t\t\n\t\t<div class=\"block height-100 height-sm-auto height-xs-auto p-t-4 grid-sm__item--order-2 grid-xs__item--order-2\">\n\t\t\n\t\t\t\n\t\t\t\t\t\t\t<h2>Huile d&#8217;Olive Vierge Extra &#8211; S\u00e8lection Vari\u00e9tale<\/h2>\n\t\t\t\t\t\n\t\t\t\t\t\t\t<div class=\"text-size-m\">\n\t\t\t\t\t<p>The S\u00e9lection Vari\u00e9tale is a hand-yielded cuvee made from the traditional southern French<br \/>\nolive varieties Aglandau and Clermontaise from selected locations at La Grange. A balanced<br \/>\ninterplay of pleasant bitterness and grassy green freshness unfolds on the palate.<\/p>\n\t\t\t\t<\/div>\n\t\t\t\t\t\t\n\t\t\t\n\t\t\t<div class=\"product-collapse\">\n\t\t\t\n\t\t\t\t\n\t\t\t\t\t\t\t\t\n\t\t\t\t\t<ul class=\"product-list\">\n\t\t\t\t\t\t\n\t\t\t\t\t\t\t\t\t\t\t\t\t\t\t\t\t\t\n\t\t\t\t\t\t\t<li>\n\t\t\t\t\t\t\t\t<div>Selectable unit<\/div> \n\t\t\t\t\t\t\t<\/li>\n\t\t\t\t\t\t\t\n\t\t\t\t\t\t\t<li>\n\t\t\t\t\t\t\t\t<div style=\"line-height:1.6;\">6 bottles \u00e1 0.5L<\/div> \n\t\t\t\t\t\t\t<\/li>\n\t\t\t\t\t\t\t\n\t\t\t\t\t\t\t\t\n\t\t\t\t\t\t\t\t\t\t\t\t\t\t\t\t\t\t\n\t\t\t\t\t\t\t<li>\n\t\t\t\t\t\t\t\t<div>Selectable unit<\/div> \n\t\t\t\t\t\t\t<\/li>\n\t\t\t\t\t\t\t\n\t\t\t\t\t\t\t<li>\n\t\t\t\t\t\t\t\t<div style=\"line-height:1.6;\">0,5l<\/div> \n\t\t\t\t\t\t\t<\/li>\n\t\t\t\t\t\t\t\n\t\t\t\t\t\t\t\t\n\t\t\t\t\t\t\t\t\t\t\t\t\n\t\t\t\t\t<\/ul>\n\t\t\t\t\n\t\t\t\t\t\n\t\t\t\t\n\t\t\t\t\n\t\t\t\t\t\t\t\t\n\t\t\t\t\t\t\t\t\n\t\t\t\t\t\t\t\t\n\t\t\t\t\n\t\t\t<\/div>\n\t\t\t\t\t\t\n\t\t\t\n\t\t<\/div>\n\t\t\n\t\t\t\t\t\n\t\t<div class=\"block height-100 height-sm-auto height-xs-auto grid-sm__item--order-1 grid-xs__item--order-1 flex flex--center\">\n\t\n\t\t\t\t\t\t\t<picture>\n\t\t\t\t\n\t\t\t\t\t<!-- image -->\n\t\t\t\t\t<source media=\"(min-width: 1800px)\" srcset=\"https:\/\/www.domaine-lagrange.com\/wp-content\/uploads\/7100000_1.png\">\n\t\t\t\t\t<source media=\"(min-width: 1200px)\" srcset=\"https:\/\/www.domaine-lagrange.com\/wp-content\/uploads\/7100000_1.png\">\n\t\t\t\t\t<source media=\"(min-width: 900px)\" srcset=\"https:\/\/www.domaine-lagrange.com\/wp-content\/uploads\/7100000_1.png\">\n\t\t\t\t\t<source media=\"(min-width: 600px)\" srcset=\"https:\/\/www.domaine-lagrange.com\/wp-content\/uploads\/7100000_1.png\">\n\t\t\t\t\t<img decoding=\"async\" src=\"https:\/\/www.domaine-lagrange.com\/wp-content\/uploads\/7100000_1.png\" alt=\"\" loading=\"lazy\" width=\"400\" height=\"400\">\n\t\t\t\n\t\t\t\t<\/picture>\n\t\t\t\t\t\n\t\t<\/div>\n\t\n\t<\/div>\n\t\n\t\n<\/div>\n\n\t\t\n\t<\/div>\n\t\n<\/section>\n<section id=\"section-block_3d43de7aa4d6f502c83879f3f4f0f170\" class=\" has-aprico-background-color p-t-7 p-b-7 \" >\n\t\n\t<div class=\"container\">\n\t\n        \n\n<div id=\"product-block_7b7d3a7528d6b38abf930cd83360b0fc\" class=\"block block-product\">\n\t\n\t<div class=\"block grid grid--col-2 grid-sm--col-1\">\n\t\t\n\t\t<div class=\"block height-100 height-sm-auto height-xs-auto p-t-4 grid-sm__item--order-2 grid-xs__item--order-2\">\n\t\t\n\t\t\t\n\t\t\t\t\t\t\t<h2>Huile d&#8217;Olive Vierge Extra &#8211; Vari\u00e9t\u00e9 Olivi\u00e8re<\/h2>\n\t\t\t\t\t\n\t\t\t\t\t\t\t<div class=\"text-size-m\">\n\t\t\t\t\t<p>The Vari\u00e9t\u00e9 Olivi\u00e8re embodies the Languedoc in its natural form. The local olive variety Olivi\u00e8re is ripened in exclusive and strongly restricted locations at La Grange, it is coldpressed and a powerful oil. Overwhelming aromas of tomatoes, fresh artichokes and almonds turn every dish into a poem.<\/p>\n\t\t\t\t<\/div>\n\t\t\t\t\t\t\n\t\t\t\n\t\t\t<div class=\"product-collapse\">\n\t\t\t\n\t\t\t\t\n\t\t\t\t\t\t\t\t\n\t\t\t\t\t<ul class=\"product-list\">\n\t\t\t\t\t\t\n\t\t\t\t\t\t\t\t\t\t\t\t\t\t\t\t\t\t\n\t\t\t\t\t\t\t<li>\n\t\t\t\t\t\t\t\t<div>Selectable unit<\/div> \n\t\t\t\t\t\t\t<\/li>\n\t\t\t\t\t\t\t\n\t\t\t\t\t\t\t<li>\n\t\t\t\t\t\t\t\t<div style=\"line-height:1.6;\">6 bottles \u00e1 0.5L<\/div> \n\t\t\t\t\t\t\t<\/li>\n\t\t\t\t\t\t\t\n\t\t\t\t\t\t\t\t\n\t\t\t\t\t\t\t\t\t\t\t\t\t\t\t\t\t\t\n\t\t\t\t\t\t\t<li>\n\t\t\t\t\t\t\t\t<div>Selectable unit<\/div> \n\t\t\t\t\t\t\t<\/li>\n\t\t\t\t\t\t\t\n\t\t\t\t\t\t\t<li>\n\t\t\t\t\t\t\t\t<div style=\"line-height:1.6;\">0,5l<\/div> \n\t\t\t\t\t\t\t<\/li>\n\t\t\t\t\t\t\t\n\t\t\t\t\t\t\t\t\n\t\t\t\t\t\t\t\t\t\t\t\t\n\t\t\t\t\t<\/ul>\n\t\t\t\t\n\t\t\t\t\t\n\t\t\t\t\n\t\t\t\t\n\t\t\t\t\t\t\t\t\n\t\t\t\t\t\t\t\t\n\t\t\t\t\t\t\t\t\n\t\t\t\t\n\t\t\t<\/div>\n\t\t\t\t\t\t\n\t\t\t\n\t\t<\/div>\n\t\t\n\t\t\t\t\t\n\t\t<div class=\"block height-100 height-sm-auto height-xs-auto grid-sm__item--order-1 grid-xs__item--order-1 flex flex--center\">\n\t\n\t\t\t\t\t\t\t<picture>\n\t\t\t\t\n\t\t\t\t\t<!-- image -->\n\t\t\t\t\t<source media=\"(min-width: 1800px)\" srcset=\"https:\/\/www.domaine-lagrange.com\/wp-content\/uploads\/710099.png\">\n\t\t\t\t\t<source media=\"(min-width: 1200px)\" srcset=\"https:\/\/www.domaine-lagrange.com\/wp-content\/uploads\/710099.png\">\n\t\t\t\t\t<source media=\"(min-width: 900px)\" srcset=\"https:\/\/www.domaine-lagrange.com\/wp-content\/uploads\/710099.png\">\n\t\t\t\t\t<source media=\"(min-width: 600px)\" srcset=\"https:\/\/www.domaine-lagrange.com\/wp-content\/uploads\/710099.png\">\n\t\t\t\t\t<img decoding=\"async\" src=\"https:\/\/www.domaine-lagrange.com\/wp-content\/uploads\/710099.png\" alt=\"\" loading=\"lazy\" width=\"400\" height=\"400\">\n\t\t\t\n\t\t\t\t<\/picture>\n\t\t\t\t\t\n\t\t<\/div>\n\t\n\t<\/div>\n\t\n\t\n<\/div>\n\n\t\t\n\t<\/div>\n\t\n<\/section>\n<section id=\"section-block_d8d5db012589d0c099b008405a541af4\" class=\" has-aprico-background-color p-t-6 p-b-6 \" >\n\t\n\t<div class=\"container\">\n\t\n        \n\n<div id=\"product-crosslink-block_6b996e97ee7b8d6aad0ee37eeb929dc6\" class=\"block block-product-crosslink\">\n\t\n\t<div class=\"block text-center\">\n\t\t\n\t\n\t\t\t\t\t<h2>Other products<\/h2>\n\t\t\t\t\n\t\t\n\t\t\n\t\t\t\t\t\n\t\t\t\t\n\t\t\t<div class=\"slick-slider--block-product-crosslink m-t-2\">\t\n\t\t\t\t\n\t\t\t\t\n\t\t\t\t\t\t\t\t\n\t\t\t\t\t<div class=\"slick-slider--block-product-crosslink__slide\">\n\t\t\t\t\t\t\n\t\t\t\t\t\t<div class=\"block\">\n\t\t\t\t\t\t\n\t\t\t\t\t\t\t\n\t\t\t\t\t\t\t\t\t\t\t\t\t\t\t\t\t<div class=\"block position-absolute height-100 flex flex--top flex--center z-index-20 p-t-2\">\n\t\t\t\t\t\t\t\t\t\t<h3>Terroir<\/h3> \n\t\t\t\t\t\t\t\t\t<\/div>\n\t\t\t\t\t\t\t\t\t\t\t\t\t\t\t\n\t\t\t\t\t\t\t\t<picture class=\"block ratio-four-three z-index-10 white-bg\">\n\t\t\t\t\t\t\t\t\n\t\t\t\t\t\t\t\t\t<source media=\"(min-width: 1800px)\" srcset=\"https:\/\/www.domaine-lagrange.com\/wp-content\/uploads\/FRE-07-21_LaGrange_Website_Lay5_Bilder_Terroir.png\">\n\t\t\t\t\t\t\t\t\t<source media=\"(min-width: 1200px)\" srcset=\"https:\/\/www.domaine-lagrange.com\/wp-content\/uploads\/FRE-07-21_LaGrange_Website_Lay5_Bilder_Terroir.png\">\n\t\t\t\t\t\t\t\t\t<source media=\"(min-width: 900px)\" srcset=\"https:\/\/www.domaine-lagrange.com\/wp-content\/uploads\/FRE-07-21_LaGrange_Website_Lay5_Bilder_Terroir-1200x561.png\">\n\t\t\t\t\t\t\t\t\t<source media=\"(min-width: 600px)\" srcset=\"https:\/\/www.domaine-lagrange.com\/wp-content\/uploads\/FRE-07-21_LaGrange_Website_Lay5_Bilder_Terroir-1200x561.png\">\n\t\t\t\t\t\t\t\t\t<img decoding=\"async\" src=\"https:\/\/www.domaine-lagrange.com\/wp-content\/uploads\/FRE-07-21_LaGrange_Website_Lay5_Bilder_Terroir.png\" alt=\"\" loading=\"lazy\" width=\"400\" height=\"400\">\n\t\t\t\t\t\t\t\n\t\t\t\t\t\t\t\t<\/picture>\n\t\t\t\t\t\t\t\t\n\t\t\t\t\t\t\t<\/div>\n\t\t\t\t\t\t\t\t\n\t\t\t\t\t\t\t\n\t\t\t\t\t\t\t\t\t\t\t\t\t\t\n\t\t\t\t\t\t\t    <a class=\"button m-y-2\" href=\"\/products\/terroir\/\" target=\"_self\">Terroir Wines<\/a>\n\t\t\t\t\t\t\t\n\t\t\t\t\t\t\t\t\t\t\t\t\t\n\t\t\t\t\t\t\n\t\t\t\t\t<\/div>\n\t\t\t\t\t\t\n\t\t\t\t\t\t\t\t\n\t\t\t\t\t<div class=\"slick-slider--block-product-crosslink__slide\">\n\t\t\t\t\t\t\n\t\t\t\t\t\t<div class=\"block\">\n\t\t\t\t\t\t\n\t\t\t\t\t\t\t\n\t\t\t\t\t\t\t\t\t\t\t\t\t\t\t\t\t<div class=\"block position-absolute height-100 flex flex--top flex--center z-index-20 p-t-2\">\n\t\t\t\t\t\t\t\t\t\t<h3>Tradition<\/h3> \n\t\t\t\t\t\t\t\t\t<\/div>\n\t\t\t\t\t\t\t\t\t\t\t\t\t\t\t\n\t\t\t\t\t\t\t\t<picture class=\"block ratio-four-three z-index-10 white-bg\">\n\t\t\t\t\t\t\t\t\n\t\t\t\t\t\t\t\t\t<source media=\"(min-width: 1800px)\" srcset=\"https:\/\/www.domaine-lagrange.com\/wp-content\/uploads\/FRE-07-21_LaGrange_Website_Lay5_Bilder_Tradition.png\">\n\t\t\t\t\t\t\t\t\t<source media=\"(min-width: 1200px)\" srcset=\"https:\/\/www.domaine-lagrange.com\/wp-content\/uploads\/FRE-07-21_LaGrange_Website_Lay5_Bilder_Tradition.png\">\n\t\t\t\t\t\t\t\t\t<source media=\"(min-width: 900px)\" srcset=\"https:\/\/www.domaine-lagrange.com\/wp-content\/uploads\/FRE-07-21_LaGrange_Website_Lay5_Bilder_Tradition-1200x514.png\">\n\t\t\t\t\t\t\t\t\t<source media=\"(min-width: 600px)\" srcset=\"https:\/\/www.domaine-lagrange.com\/wp-content\/uploads\/FRE-07-21_LaGrange_Website_Lay5_Bilder_Tradition-1200x514.png\">\n\t\t\t\t\t\t\t\t\t<img decoding=\"async\" src=\"https:\/\/www.domaine-lagrange.com\/wp-content\/uploads\/FRE-07-21_LaGrange_Website_Lay5_Bilder_Tradition.png\" alt=\"\" loading=\"lazy\" width=\"400\" height=\"400\">\n\t\t\t\t\t\t\t\n\t\t\t\t\t\t\t\t<\/picture>\n\t\t\t\t\t\t\t\t\n\t\t\t\t\t\t\t<\/div>\n\t\t\t\t\t\t\t\t\n\t\t\t\t\t\t\t\n\t\t\t\t\t\t\t\t\t\t\t\t\t\t\n\t\t\t\t\t\t\t    <a class=\"button m-y-2\" href=\"\/produkte\/tradition\/\" target=\"_self\">Tradition Wines<\/a>\n\t\t\t\t\t\t\t\n\t\t\t\t\t\t\t\t\t\t\t\t\t\n\t\t\t\t\t\t\n\t\t\t\t\t<\/div>\n\t\t\t\t\t\t\n\t\t\t\t\t\t\t\t\n\t\t\t\t\t<div class=\"slick-slider--block-product-crosslink__slide\">\n\t\t\t\t\t\t\n\t\t\t\t\t\t<div class=\"block\">\n\t\t\t\t\t\t\n\t\t\t\t\t\t\t\n\t\t\t\t\t\t\t\t\t\t\t\t\t\t\t\t\t<div class=\"block position-absolute height-100 flex flex--top flex--center z-index-20 p-t-2\">\n\t\t\t\t\t\t\t\t\t\t<h3>Castalides<\/h3> \n\t\t\t\t\t\t\t\t\t<\/div>\n\t\t\t\t\t\t\t\t\t\t\t\t\t\t\t\n\t\t\t\t\t\t\t\t<picture class=\"block ratio-four-three z-index-10 white-bg\">\n\t\t\t\t\t\t\t\t\n\t\t\t\t\t\t\t\t\t<source media=\"(min-width: 1800px)\" srcset=\"https:\/\/www.domaine-lagrange.com\/wp-content\/uploads\/FRE-07-21_LaGrange_Website_Lay5_Bilder_Castalides-1.png\">\n\t\t\t\t\t\t\t\t\t<source media=\"(min-width: 1200px)\" srcset=\"https:\/\/www.domaine-lagrange.com\/wp-content\/uploads\/FRE-07-21_LaGrange_Website_Lay5_Bilder_Castalides-1.png\">\n\t\t\t\t\t\t\t\t\t<source media=\"(min-width: 900px)\" srcset=\"https:\/\/www.domaine-lagrange.com\/wp-content\/uploads\/FRE-07-21_LaGrange_Website_Lay5_Bilder_Castalides-1-1200x639.png\">\n\t\t\t\t\t\t\t\t\t<source media=\"(min-width: 600px)\" srcset=\"https:\/\/www.domaine-lagrange.com\/wp-content\/uploads\/FRE-07-21_LaGrange_Website_Lay5_Bilder_Castalides-1-1200x639.png\">\n\t\t\t\t\t\t\t\t\t<img decoding=\"async\" src=\"https:\/\/www.domaine-lagrange.com\/wp-content\/uploads\/FRE-07-21_LaGrange_Website_Lay5_Bilder_Castalides-1.png\" alt=\"\" loading=\"lazy\" width=\"400\" height=\"400\">\n\t\t\t\t\t\t\t\n\t\t\t\t\t\t\t\t<\/picture>\n\t\t\t\t\t\t\t\t\n\t\t\t\t\t\t\t<\/div>\n\t\t\t\t\t\t\t\t\n\t\t\t\t\t\t\t\n\t\t\t\t\t\t\t\t\t\t\t\t\t\t\n\t\t\t\t\t\t\t    <a class=\"button m-y-2\" href=\"\/produkte\/castalides\/\" target=\"_self\">Castalides Wines<\/a>\n\t\t\t\t\t\t\t\n\t\t\t\t\t\t\t\t\t\t\t\t\t\n\t\t\t\t\t\t\n\t\t\t\t\t<\/div>\n\t\t\t\t\t\t\n\t\t\t\t\t\t\t\t\n\t\t\t\t\n\t\t\t<\/div>\n\t\t\t\t\n\t\t\n\t\t\t\n\t\n\t\t\n\t\t\t\n\t<\/div>\n\t\n\t\n<\/div>\n\n\t\t\n\t<\/div>\n\t\n<\/section>","protected":false},"excerpt":{"rendered":"","protected":false},"author":1,"featured_media":0,"parent":2017,"menu_order":37,"comment_status":"closed","ping_status":"closed","template":"page-builder.php","meta":{"_acf_changed":false,"footnotes":""},"class_list":["post-2039","page","type-page","status-publish","hentry"],"acf":[],"yoast_head":"<!-- This site is optimized with the Yoast SEO plugin v27.5 - https:\/\/yoast.com\/product\/yoast-seo-wordpress\/ -->\n<title>Native olive oils extra &#8211; Domaine La Grange<\/title>\n<meta name=\"robots\" content=\"index, follow, max-snippet:-1, max-image-preview:large, max-video-preview:-1\" \/>\n<link rel=\"canonical\" href=\"https:\/\/www.domaine-lagrange.com\/en\/products\/native-olive-oils-extra\/\" \/>\n<meta property=\"og:locale\" content=\"en_US\" \/>\n<meta property=\"og:type\" content=\"article\" \/>\n<meta property=\"og:title\" content=\"Native olive oils extra &#8211; Domaine La Grange\" \/>\n<meta property=\"og:url\" content=\"https:\/\/www.domaine-lagrange.com\/en\/products\/native-olive-oils-extra\/\" \/>\n<meta property=\"og:site_name\" content=\"Domaine La Grange\" \/>\n<meta name=\"twitter:card\" content=\"summary_large_image\" \/>\n<script type=\"application\/ld+json\" class=\"yoast-schema-graph\">{\"@context\":\"https:\\\/\\\/schema.org\",\"@graph\":[{\"@type\":\"WebPage\",\"@id\":\"https:\\\/\\\/www.domaine-lagrange.com\\\/en\\\/products\\\/native-olive-oils-extra\\\/\",\"url\":\"https:\\\/\\\/www.domaine-lagrange.com\\\/en\\\/products\\\/native-olive-oils-extra\\\/\",\"name\":\"Native olive oils extra &#8211; Domaine La Grange\",\"isPartOf\":{\"@id\":\"https:\\\/\\\/www.domaine-lagrange.com\\\/fr\\\/#website\"},\"datePublished\":\"2023-05-17T10:37:17+00:00\",\"breadcrumb\":{\"@id\":\"https:\\\/\\\/www.domaine-lagrange.com\\\/en\\\/products\\\/native-olive-oils-extra\\\/#breadcrumb\"},\"inLanguage\":\"en-US\",\"potentialAction\":[{\"@type\":\"ReadAction\",\"target\":[\"https:\\\/\\\/www.domaine-lagrange.com\\\/en\\\/products\\\/native-olive-oils-extra\\\/\"]}]},{\"@type\":\"BreadcrumbList\",\"@id\":\"https:\\\/\\\/www.domaine-lagrange.com\\\/en\\\/products\\\/native-olive-oils-extra\\\/#breadcrumb\",\"itemListElement\":[{\"@type\":\"ListItem\",\"position\":1,\"name\":\"Startseite\",\"item\":\"https:\\\/\\\/www.domaine-lagrange.com\\\/en\\\/\"},{\"@type\":\"ListItem\",\"position\":2,\"name\":\"Products\",\"item\":\"https:\\\/\\\/www.domaine-lagrange.com\\\/en\\\/products\\\/\"},{\"@type\":\"ListItem\",\"position\":3,\"name\":\"Native olive oils extra\"}]},{\"@type\":\"WebSite\",\"@id\":\"https:\\\/\\\/www.domaine-lagrange.com\\\/fr\\\/#website\",\"url\":\"https:\\\/\\\/www.domaine-lagrange.com\\\/fr\\\/\",\"name\":\"Domaine La Grange\",\"description\":\"Dem Paradies so nah\",\"publisher\":{\"@id\":\"https:\\\/\\\/www.domaine-lagrange.com\\\/fr\\\/#organization\"},\"potentialAction\":[{\"@type\":\"SearchAction\",\"target\":{\"@type\":\"EntryPoint\",\"urlTemplate\":\"https:\\\/\\\/www.domaine-lagrange.com\\\/fr\\\/?s={search_term_string}\"},\"query-input\":{\"@type\":\"PropertyValueSpecification\",\"valueRequired\":true,\"valueName\":\"search_term_string\"}}],\"inLanguage\":\"en-US\"},{\"@type\":\"Organization\",\"@id\":\"https:\\\/\\\/www.domaine-lagrange.com\\\/fr\\\/#organization\",\"name\":\"Domaine La Grange\",\"url\":\"https:\\\/\\\/www.domaine-lagrange.com\\\/fr\\\/\",\"logo\":{\"@type\":\"ImageObject\",\"inLanguage\":\"en-US\",\"@id\":\"https:\\\/\\\/www.domaine-lagrange.com\\\/fr\\\/#\\\/schema\\\/logo\\\/image\\\/\",\"url\":\"https:\\\/\\\/www.domaine-lagrange.com\\\/wp-content\\\/uploads\\\/Logo_LaGrange.svg\",\"contentUrl\":\"https:\\\/\\\/www.domaine-lagrange.com\\\/wp-content\\\/uploads\\\/Logo_LaGrange.svg\",\"width\":1,\"height\":1,\"caption\":\"Domaine La Grange\"},\"image\":{\"@id\":\"https:\\\/\\\/www.domaine-lagrange.com\\\/fr\\\/#\\\/schema\\\/logo\\\/image\\\/\"}}]}<\/script>\n<!-- \/ Yoast SEO plugin. -->","yoast_head_json":{"title":"Native olive oils extra &#8211; Domaine La Grange","robots":{"index":"index","follow":"follow","max-snippet":"max-snippet:-1","max-image-preview":"max-image-preview:large","max-video-preview":"max-video-preview:-1"},"canonical":"https:\/\/www.domaine-lagrange.com\/en\/products\/native-olive-oils-extra\/","og_locale":"en_US","og_type":"article","og_title":"Native olive oils extra &#8211; Domaine La Grange","og_url":"https:\/\/www.domaine-lagrange.com\/en\/products\/native-olive-oils-extra\/","og_site_name":"Domaine La Grange","twitter_card":"summary_large_image","schema":{"@context":"https:\/\/schema.org","@graph":[{"@type":"WebPage","@id":"https:\/\/www.domaine-lagrange.com\/en\/products\/native-olive-oils-extra\/","url":"https:\/\/www.domaine-lagrange.com\/en\/products\/native-olive-oils-extra\/","name":"Native olive oils extra &#8211; Domaine La Grange","isPartOf":{"@id":"https:\/\/www.domaine-lagrange.com\/fr\/#website"},"datePublished":"2023-05-17T10:37:17+00:00","breadcrumb":{"@id":"https:\/\/www.domaine-lagrange.com\/en\/products\/native-olive-oils-extra\/#breadcrumb"},"inLanguage":"en-US","potentialAction":[{"@type":"ReadAction","target":["https:\/\/www.domaine-lagrange.com\/en\/products\/native-olive-oils-extra\/"]}]},{"@type":"BreadcrumbList","@id":"https:\/\/www.domaine-lagrange.com\/en\/products\/native-olive-oils-extra\/#breadcrumb","itemListElement":[{"@type":"ListItem","position":1,"name":"Startseite","item":"https:\/\/www.domaine-lagrange.com\/en\/"},{"@type":"ListItem","position":2,"name":"Products","item":"https:\/\/www.domaine-lagrange.com\/en\/products\/"},{"@type":"ListItem","position":3,"name":"Native olive oils extra"}]},{"@type":"WebSite","@id":"https:\/\/www.domaine-lagrange.com\/fr\/#website","url":"https:\/\/www.domaine-lagrange.com\/fr\/","name":"Domaine La Grange","description":"Dem Paradies so nah","publisher":{"@id":"https:\/\/www.domaine-lagrange.com\/fr\/#organization"},"potentialAction":[{"@type":"SearchAction","target":{"@type":"EntryPoint","urlTemplate":"https:\/\/www.domaine-lagrange.com\/fr\/?s={search_term_string}"},"query-input":{"@type":"PropertyValueSpecification","valueRequired":true,"valueName":"search_term_string"}}],"inLanguage":"en-US"},{"@type":"Organization","@id":"https:\/\/www.domaine-lagrange.com\/fr\/#organization","name":"Domaine La Grange","url":"https:\/\/www.domaine-lagrange.com\/fr\/","logo":{"@type":"ImageObject","inLanguage":"en-US","@id":"https:\/\/www.domaine-lagrange.com\/fr\/#\/schema\/logo\/image\/","url":"https:\/\/www.domaine-lagrange.com\/wp-content\/uploads\/Logo_LaGrange.svg","contentUrl":"https:\/\/www.domaine-lagrange.com\/wp-content\/uploads\/Logo_LaGrange.svg","width":1,"height":1,"caption":"Domaine La Grange"},"image":{"@id":"https:\/\/www.domaine-lagrange.com\/fr\/#\/schema\/logo\/image\/"}}]}},"_links":{"self":[{"href":"https:\/\/www.domaine-lagrange.com\/en\/wp-json\/wp\/v2\/pages\/2039","targetHints":{"allow":["GET"]}}],"collection":[{"href":"https:\/\/www.domaine-lagrange.com\/en\/wp-json\/wp\/v2\/pages"}],"about":[{"href":"https:\/\/www.domaine-lagrange.com\/en\/wp-json\/wp\/v2\/types\/page"}],"author":[{"embeddable":true,"href":"https:\/\/www.domaine-lagrange.com\/en\/wp-json\/wp\/v2\/users\/1"}],"replies":[{"embeddable":true,"href":"https:\/\/www.domaine-lagrange.com\/en\/wp-json\/wp\/v2\/comments?post=2039"}],"version-history":[{"count":0,"href":"https:\/\/www.domaine-lagrange.com\/en\/wp-json\/wp\/v2\/pages\/2039\/revisions"}],"up":[{"embeddable":true,"href":"https:\/\/www.domaine-lagrange.com\/en\/wp-json\/wp\/v2\/pages\/2017"}],"wp:attachment":[{"href":"https:\/\/www.domaine-lagrange.com\/en\/wp-json\/wp\/v2\/media?parent=2039"}],"curies":[{"name":"wp","href":"https:\/\/api.w.org\/{rel}","templated":true}]}}